{"id":3726,"date":"2023-10-09T08:49:27","date_gmt":"2023-10-09T08:49:27","guid":{"rendered":"https:\/\/pedimed.eps-backup.com\/politika-varstva-osebnih-podatkov\/"},"modified":"2023-11-23T09:00:53","modified_gmt":"2023-11-23T09:00:53","slug":"politika-zastite-osobnih-podataka","status":"publish","type":"page","link":"https:\/\/pedimed.eps-backup.com\/hr\/politika-zastite-osobnih-podataka\/","title":{"rendered":"Politika za\u0161tite osobnih podataka"},"content":{"rendered":"\t\t<div data-elementor-type=\"wp-page\" data-elementor-id=\"3726\" class=\"elementor elementor-3726 elementor-1018\" data-elementor-settings=\"{&quot;element_pack_global_tooltip_width&quot;:{&quot;unit&quot;:&quot;px&quot;,&quot;size&quot;:&quot;&quot;,&quot;sizes&quot;:[]},&quot;element_pack_global_tooltip_width_laptop&quot;:{&quot;unit&quot;:&quot;px&quot;,&quot;size&quot;:&quot;&quot;,&quot;sizes&quot;:[]},&quot;element_pack_global_tooltip_width_tablet&quot;:{&quot;unit&quot;:&quot;px&quot;,&quot;size&quot;:&quot;&quot;,&quot;sizes&quot;:[]},&quot;element_pack_global_tooltip_width_mobile&quot;:{&quot;unit&quot;:&quot;px&quot;,&quot;size&quot;:&quot;&quot;,&quot;sizes&quot;:[]},&quot;element_pack_global_tooltip_padding&quot;:{&quot;unit&quot;:&quot;px&quot;,&quot;top&quot;:&quot;&quot;,&quot;right&quot;:&quot;&quot;,&quot;bottom&quot;:&quot;&quot;,&quot;left&quot;:&quot;&quot;,&quot;isLinked&quot;:true},&quot;element_pack_global_tooltip_padding_laptop&quot;:{&quot;unit&quot;:&quot;px&quot;,&quot;top&quot;:&quot;&quot;,&quot;right&quot;:&quot;&quot;,&quot;bottom&quot;:&quot;&quot;,&quot;left&quot;:&quot;&quot;,&quot;isLinked&quot;:true},&quot;element_pack_global_tooltip_padding_tablet&quot;:{&quot;unit&quot;:&quot;px&quot;,&quot;top&quot;:&quot;&quot;,&quot;right&quot;:&quot;&quot;,&quot;bottom&quot;:&quot;&quot;,&quot;left&quot;:&quot;&quot;,&quot;isLinked&quot;:true},&quot;element_pack_global_tooltip_padding_mobile&quot;:{&quot;unit&quot;:&quot;px&quot;,&quot;top&quot;:&quot;&quot;,&quot;right&quot;:&quot;&quot;,&quot;bottom&quot;:&quot;&quot;,&quot;left&quot;:&quot;&quot;,&quot;isLinked&quot;:true},&quot;element_pack_global_tooltip_border_radius&quot;:{&quot;unit&quot;:&quot;px&quot;,&quot;top&quot;:&quot;&quot;,&quot;right&quot;:&quot;&quot;,&quot;bottom&quot;:&quot;&quot;,&quot;left&quot;:&quot;&quot;,&quot;isLinked&quot;:true},&quot;element_pack_global_tooltip_border_radius_laptop&quot;:{&quot;unit&quot;:&quot;px&quot;,&quot;top&quot;:&quot;&quot;,&quot;right&quot;:&quot;&quot;,&quot;bottom&quot;:&quot;&quot;,&quot;left&quot;:&quot;&quot;,&quot;isLinked&quot;:true},&quot;element_pack_global_tooltip_border_radius_tablet&quot;:{&quot;unit&quot;:&quot;px&quot;,&quot;top&quot;:&quot;&quot;,&quot;right&quot;:&quot;&quot;,&quot;bottom&quot;:&quot;&quot;,&quot;left&quot;:&quot;&quot;,&quot;isLinked&quot;:true},&quot;element_pack_global_tooltip_border_radius_mobile&quot;:{&quot;unit&quot;:&quot;px&quot;,&quot;top&quot;:&quot;&quot;,&quot;right&quot;:&quot;&quot;,&quot;bottom&quot;:&quot;&quot;,&quot;left&quot;:&quot;&quot;,&quot;isLinked&quot;:true}}\" data-elementor-post-type=\"page\">\n\t\t\t\t<div class=\"elementor-element elementor-element-af2073e e-flex e-con-boxed e-con e-parent\" data-id=\"af2073e\" data-element_type=\"container\">\n\t\t\t\t\t<div class=\"e-con-inner\">\n\t\t\t\t<div class=\"elementor-element elementor-element-710bb2f elementor-widget elementor-widget-heading\" data-id=\"710bb2f\" data-element_type=\"widget\" data-widget_type=\"heading.default\">\n\t\t\t\t<div class=\"elementor-widget-container\">\n\t\t\t\t\t<h3 class=\"elementor-heading-title elementor-size-default\">Politika varstva osebnih podatkov<\/h3>\t\t\t\t<\/div>\n\t\t\t\t<\/div>\n\t\t\t\t<div class=\"elementor-element elementor-element-141ccd9 elementor-widget elementor-widget-text-editor\" data-id=\"141ccd9\" data-element_type=\"widget\" data-widget_type=\"text-editor.default\">\n\t\t\t\t<div class=\"elementor-widget-container\">\n\t\t\t\t\t\t\t\t\t<p>Pedimed d.o.o. (v nadaljevanju Pedimed) zbira, obdeluje in uporablja skladno z dolo\u010dbami prepisov, ki urejajo varstvo osebnih podatkov (zlasti splo\u0161no Uredbo o varstvu osebnih podatkov \u2013 GDPR), vsaj naslednje osebne podatke:<\/p><ul><li>ime in priimek,<\/li><li>elektronski naslov,<\/li><li>telefonsko \u0161tevilko,<\/li><li>podatke o zdravstvene stanju, ki jih posredujejo osebe ali ki jih Pedimed pridobi med sanacijo te\u017eav in se zabele\u017eijo v medicinsko kartoteko.<\/li><\/ul><p>\u00a0<\/p><p>Pedimed ima pravico zgornje osebne podatke zbirati, obdelovati in uporabljati za namene saniranja te\u017eav, zaradi katerih so osebe stopile v stik s Pedimedom, in v zvezi s terapijami, ki sledijo sanaciji te\u017eave.\u00a0Vsaka oseba, ki preda osebne podatke Pedimedu, ni dol\u017ena dati tega soglasja oz. ga lahko kadarkoli prekli\u010de.<\/p><p>Vsi zbrani osebni podatki (opisani spodaj) bodo obravnavani spo\u0161tljivo in v skladu z GDPR uredbo (DIREKTIVA (EU) 2016\/680 EVROPSKEGA PARLAMENTA IN SVETA).<\/p>\t\t\t\t\t\t\t\t<\/div>\n\t\t\t\t<\/div>\n\t\t\t\t<div class=\"elementor-element elementor-element-ab29f99 elementor-widget elementor-widget-bdt-accordion\" data-id=\"ab29f99\" data-element_type=\"widget\" data-widget_type=\"bdt-accordion.default\">\n\t\t\t\t<div class=\"elementor-widget-container\">\n\t\t\t\t\t\t\t<div class=\"bdt-ep-accordion-container\">\n\t\t\t<div id=\"bdt-ep-accordion-ab29f99\" class=\"bdt-ep-accordion bdt-accordion\" data-bdt-accordion=\"{&quot;collapsible&quot;:true,&quot;multiple&quot;:false,&quot;transition&quot;:&quot;ease-in-out&quot;}\" \t\tdata-settings=\"{&quot;id&quot;:&quot;bdt-ep-accordion-ab29f99&quot;,&quot;activeHash&quot;:&quot;no&quot;,&quot;activeScrollspy&quot;:null,&quot;hashTopOffset&quot;:false,&quot;hashScrollspyTime&quot;:false,&quot;closeAllItemsOnMobile&quot;:false}\">\n\t\t\t\t\t\t\t\t\t<div class=\"bdt-ep-accordion-item\">\n\t\t\t\t\t\t<div\t\t\t\t\t\t\tclass=\"bdt-ep-accordion-title bdt-accordion-title bdt-flex bdt-flex-middle bdt-flex-between\" id=\"bdt-ep-accordion-pedimed-zbira-osebne-podatke-z-naslednjimi-nameni\"\n\t\t\t\t\t\t\tdata-accordion-index=\"0\" data-title=\"pedimed-zbira-osebne-podatke-z-naslednjimi-nameni\">\n\n\t\t\t\t\t\t\t\t\t\t\t\t\t\t\t<span class=\"bdt-ep-accordion-icon bdt-flex-align-right\"\n\t\t\t\t\t\t\t\t\taria-hidden=\"true\">\n\n\t\t\t\t\t\t\t\t\t\t\t\t\t\t\t\t\t\t\t<span class=\"bdt-ep-accordion-icon-closed\">\n\t\t\t\t\t\t\t\t\t\t\t<i aria-hidden=\"true\" class=\"fa-fw fas fa-plus\"><\/i>\t\t\t\t\t\t\t\t\t\t<\/span>\n\t\t\t\t\t\t\t\t\t\n\t\t\t\t\t\t\t\t\t\t\t\t\t\t\t\t\t\t\t<span class=\"bdt-ep-accordion-icon-opened\">\n\t\t\t\t\t\t\t\t\t\t\t<i aria-hidden=\"true\" class=\"fa-fw fas fa-minus\"><\/i>\t\t\t\t\t\t\t\t\t\t<\/span>\n\t\t\t\t\t\t\t\t\t\n\t\t\t\t\t\t\t\t<\/span>\n\t\t\t\t\t\t\t\n\t\t\t\t\t\t\t<span role=\"heading\" class=\"bdt-ep-title-text bdt-flex-inline bdt-flex-middle\" >\n\n\t\t\t\t\t\t\t\t\t\t\t\t\t\t\t\tPedimed zbira osebne podatke z naslednjimi nameni:\t\t\t\t\t\t\t<\/span>\n\n\t\t\t\t\t\t<\/div>\n\t\t\t\t\t\t<div class=\"bdt-ep-accordion-content bdt-accordion-content\">\n\t\t\t\t\t\t\t<ul><li>odgovarjanje osebam, ki se prijavijo preko spletnega kontaktnega obrazca po elektronski po\u0161ti ali telefonu,<\/li><li>kontaktiranje oseb po elektronski po\u0161ti ali telefonu z namenom naro\u010danja, pregledov in prihodnjih terapij,<\/li><li>izbolj\u0161anje funkcionalnosti storitev na spletni strani,<\/li><li>ob\u010dasno po\u0161iljanje e-novic,<\/li><li>bolj\u0161e uporabni\u0161ke izku\u0161nje.<\/li><\/ul><p>Upravljavec osebnih podatkov uporabnikov je Pedimed. V podjetju Pedimed je imenovana poobla\u0161\u010dena oseba za varstvo osebnih podatkov, ki je dosegljiva na elektronskem naslovu\u00a0info@pedimed.si.<\/p>\t\t\t\t\t\t<\/div>\n\t\t\t\t\t<\/div>\n\t\t\t\t\t\t\t\t\t<div class=\"bdt-ep-accordion-item\">\n\t\t\t\t\t\t<div\t\t\t\t\t\t\tclass=\"bdt-ep-accordion-title bdt-accordion-title bdt-flex bdt-flex-middle bdt-flex-between\" id=\"bdt-ep-accordion-posredovanje-osebnih-podatkov-tretjim-osebam\"\n\t\t\t\t\t\t\tdata-accordion-index=\"1\" data-title=\"posredovanje-osebnih-podatkov-tretjim-osebam\">\n\n\t\t\t\t\t\t\t\t\t\t\t\t\t\t\t<span class=\"bdt-ep-accordion-icon bdt-flex-align-right\"\n\t\t\t\t\t\t\t\t\taria-hidden=\"true\">\n\n\t\t\t\t\t\t\t\t\t\t\t\t\t\t\t\t\t\t\t<span class=\"bdt-ep-accordion-icon-closed\">\n\t\t\t\t\t\t\t\t\t\t\t<i aria-hidden=\"true\" class=\"fa-fw fas fa-plus\"><\/i>\t\t\t\t\t\t\t\t\t\t<\/span>\n\t\t\t\t\t\t\t\t\t\n\t\t\t\t\t\t\t\t\t\t\t\t\t\t\t\t\t\t\t<span class=\"bdt-ep-accordion-icon-opened\">\n\t\t\t\t\t\t\t\t\t\t\t<i aria-hidden=\"true\" class=\"fa-fw fas fa-minus\"><\/i>\t\t\t\t\t\t\t\t\t\t<\/span>\n\t\t\t\t\t\t\t\t\t\n\t\t\t\t\t\t\t\t<\/span>\n\t\t\t\t\t\t\t\n\t\t\t\t\t\t\t<span role=\"heading\" class=\"bdt-ep-title-text bdt-flex-inline bdt-flex-middle\" >\n\n\t\t\t\t\t\t\t\t\t\t\t\t\t\t\t\tPosredovanje osebnih podatkov tretjim osebam:\t\t\t\t\t\t\t<\/span>\n\n\t\t\t\t\t\t<\/div>\n\t\t\t\t\t\t<div class=\"bdt-ep-accordion-content bdt-accordion-content\">\n\t\t\t\t\t\t\t<p>Vsaka oseba, ki preda osebne podatke Pedimedu, je izkazala soglasje in dovoljuje, da se lahko njeni osebni podatki obdelujejo ro\u010dno ali elektronsko ter da se zgoraj navedene podatke posreduje zunanjim izvajalcem, to je tretjim osebam, ki vzdr\u017eujejo spletne strani, CRM ter storitve v zvezi z ogla\u0161evanjem. Pedimed ne razkriva in ne objavlja pridobljenih osebnih podatkov tretjim osebam in jih nikoli ne bo posredoval nepoobla\u0161\u010denim tretjim osebam.<\/p><p>Nekatere podatke, ki jih\u00a0Pedimed zbira in obdeluje, lahko skladno z namenom obdelave posreduje tretjim osebam, zunanjim pogodbenikom, ki za Pedimed izvajajo spletni marketing, digitalno ogla\u0161evanje (Google ogla\u0161evanje, Facebook ogla\u0161evanje, re-marketing) in vzdr\u017eujejo spletno stran in digitalni sistem CRM. Zunanji pogodbeniki delujejo strogo v imenu in po navodilih ter budnim nadzorom odgovornih pri Pedimed.<\/p>\t\t\t\t\t\t<\/div>\n\t\t\t\t\t<\/div>\n\t\t\t\t\t\t\t\t\t<div class=\"bdt-ep-accordion-item\">\n\t\t\t\t\t\t<div\t\t\t\t\t\t\tclass=\"bdt-ep-accordion-title bdt-accordion-title bdt-flex bdt-flex-middle bdt-flex-between\" id=\"bdt-ep-accordion-pravice-uporabnika\"\n\t\t\t\t\t\t\tdata-accordion-index=\"2\" data-title=\"pravice-uporabnika\">\n\n\t\t\t\t\t\t\t\t\t\t\t\t\t\t\t<span class=\"bdt-ep-accordion-icon bdt-flex-align-right\"\n\t\t\t\t\t\t\t\t\taria-hidden=\"true\">\n\n\t\t\t\t\t\t\t\t\t\t\t\t\t\t\t\t\t\t\t<span class=\"bdt-ep-accordion-icon-closed\">\n\t\t\t\t\t\t\t\t\t\t\t<i aria-hidden=\"true\" class=\"fa-fw fas fa-plus\"><\/i>\t\t\t\t\t\t\t\t\t\t<\/span>\n\t\t\t\t\t\t\t\t\t\n\t\t\t\t\t\t\t\t\t\t\t\t\t\t\t\t\t\t\t<span class=\"bdt-ep-accordion-icon-opened\">\n\t\t\t\t\t\t\t\t\t\t\t<i aria-hidden=\"true\" class=\"fa-fw fas fa-minus\"><\/i>\t\t\t\t\t\t\t\t\t\t<\/span>\n\t\t\t\t\t\t\t\t\t\n\t\t\t\t\t\t\t\t<\/span>\n\t\t\t\t\t\t\t\n\t\t\t\t\t\t\t<span role=\"heading\" class=\"bdt-ep-title-text bdt-flex-inline bdt-flex-middle\" >\n\n\t\t\t\t\t\t\t\t\t\t\t\t\t\t\t\tPravice uporabnika:\t\t\t\t\t\t\t<\/span>\n\n\t\t\t\t\t\t<\/div>\n\t\t\t\t\t\t<div class=\"bdt-ep-accordion-content bdt-accordion-content\">\n\t\t\t\t\t\t\t<p>Uporabnik ima v skladu s Splo\u0161no uredbo o varstvu osebnih podatkov naslednje pravice:<\/p><ul><li>pravico do izbrisa podatkov<\/li><li>pravico do omejevanja obdelave podatkov<\/li><li>pravico do dostopa podatkov<\/li><li>pravico do popravka<\/li><li>pravico do prenosa podatkov<\/li><li>pravico do ugovora<\/li><\/ul><p>Pedimed bo obdeloval va\u0161e osebne podatke za v nadaljevanju navedene namene, ki so skladne s slede\u010dimi pravnimi podlagami:<\/p><ul><li>soglasje oz. privolitev,ki ste nam ga dali,<\/li><li>izpolnitev zakonskih obveznosti Pedimeda,<\/li><li>na podlagi zakonitega interesa,<\/li><li>izpolnjevanje pogodbene obveznosti.<\/li><\/ul><p>Va\u0161e osebne podatke bo Pedimed obdeloval zgolj za namene, za katere jih je pridobil in jih ne bo obdeloval za namene, ki niso zdru\u017eljivi z nameni, za katere so bili zbrani. Pedimed od uporabnika zbira zgolj tiste osebne podatke, ki so nujno potrebni za dosego posameznega namena.<\/p>\t\t\t\t\t\t<\/div>\n\t\t\t\t\t<\/div>\n\t\t\t\t\t\t\t\t\t<div class=\"bdt-ep-accordion-item\">\n\t\t\t\t\t\t<div\t\t\t\t\t\t\tclass=\"bdt-ep-accordion-title bdt-accordion-title bdt-flex bdt-flex-middle bdt-flex-between\" id=\"bdt-ep-accordion-vrste-soglasij\"\n\t\t\t\t\t\t\tdata-accordion-index=\"3\" data-title=\"vrste-soglasij\">\n\n\t\t\t\t\t\t\t\t\t\t\t\t\t\t\t<span class=\"bdt-ep-accordion-icon bdt-flex-align-right\"\n\t\t\t\t\t\t\t\t\taria-hidden=\"true\">\n\n\t\t\t\t\t\t\t\t\t\t\t\t\t\t\t\t\t\t\t<span class=\"bdt-ep-accordion-icon-closed\">\n\t\t\t\t\t\t\t\t\t\t\t<i aria-hidden=\"true\" class=\"fa-fw fas fa-plus\"><\/i>\t\t\t\t\t\t\t\t\t\t<\/span>\n\t\t\t\t\t\t\t\t\t\n\t\t\t\t\t\t\t\t\t\t\t\t\t\t\t\t\t\t\t<span class=\"bdt-ep-accordion-icon-opened\">\n\t\t\t\t\t\t\t\t\t\t\t<i aria-hidden=\"true\" class=\"fa-fw fas fa-minus\"><\/i>\t\t\t\t\t\t\t\t\t\t<\/span>\n\t\t\t\t\t\t\t\t\t\n\t\t\t\t\t\t\t\t<\/span>\n\t\t\t\t\t\t\t\n\t\t\t\t\t\t\t<span role=\"heading\" class=\"bdt-ep-title-text bdt-flex-inline bdt-flex-middle\" >\n\n\t\t\t\t\t\t\t\t\t\t\t\t\t\t\t\tVrste soglasij:\t\t\t\t\t\t\t<\/span>\n\n\t\t\t\t\t\t<\/div>\n\t\t\t\t\t\t<div class=\"bdt-ep-accordion-content bdt-accordion-content\">\n\t\t\t\t\t\t\t<ul><li>po\u0161iljanje sms, klici in elektronska sporo\u010dila v povezavi s pregledi in terapijami,<\/li><li>marketin\u0161ki nameni.<\/li><\/ul><p>Od Pedimeda lahko zahtevate, da v zakonskem roku izbri\u0161e osebne podatke v zvezi z vami, ki jih Pedimed hrani. Pedimed mora va\u0161e osebne podatke izbrisati, ko zbrani osebni podatki niso ve\u010d\u030c potrebni za namene prvotnega zbiranja, ko prekli\u010dete privolitve ali ko ugovarjate obdelavi va\u0161ih podatkov za namene tr\u017eenja.<\/p><p>Od Pedimeda lahko zahtevate omejevanje obdelave podatkov oz. zahtevate, naj vam Pedimed sporo\u010di, katere podatke zbira o vas in na katerih mestih so shranjeni ter kdo ima dostop do njih. Imate pravico do popravkov va\u0161ih podatkov, v kolikor so napa\u010dni ali neresni\u010dni. Na podlagi katerihkoli razlogov imate pravico, da kadarkoli \u017eelite ugovarjate obdelavi osebnih podatkov, \u010de ta temelji na zakonitih interesih.<\/p><p>Uporabnik, na katerega se nana\u0161ajo osebni podatki lahko kadarkoli z zahtevkom na info@pedimed.si uveljavlja zgornje pravice. Pedimed bo zahtevi ugodil v roku 14 delovnih dni od prejema zahtevka. Osebe mlaj\u0161e od 16 let, lahko svoje podatke preko spletne strani posredujejo le z dovoljenjem star\u0161ev, rejnikov ali skrbnikov. Uporabnik lahko podane privolitve za posamezne namene obdelave spreminja, potrjuje ali preklicuje preko elektronske po\u0161te info@pedimed.si ali po telefonu 031\/796-740.<\/p>\t\t\t\t\t\t<\/div>\n\t\t\t\t\t<\/div>\n\t\t\t\t\t\t\t<\/div>\n\t\t<\/div>\n\t\t\t\t\t\t<\/div>\n\t\t\t\t<\/div>\n\t\t\t\t<div class=\"elementor-element elementor-element-b3cdc48 elementor-widget elementor-widget-text-editor\" data-id=\"b3cdc48\" data-element_type=\"widget\" data-widget_type=\"text-editor.default\">\n\t\t\t\t<div class=\"elementor-widget-container\">\n\t\t\t\t\t\t\t\t\t<div class=\"btContentWrap btClear\"><div class=\"btContentHolder\"><div class=\"btContent\"><div class=\"bt_bb_wrapper\"><section id=\"bt_bb_section6522f3ccb932f\" class=\"bt_bb_section bt_bb_layout_boxed_1200\" data-bt-override-class=\"null\"><div class=\"bt_bb_port\"><div class=\"bt_bb_cell\"><div class=\"bt_bb_cell_inner\"><div class=\"bt_bb_row_wrapper\"><div class=\"bt_bb_row\" data-bt-override-class=\"{}\" data-structure=\"12\"><div class=\"bt_bb_column col-xxl-12 col-xl-12 col-xs-12 col-sm-12 col-md-12 col-lg-12 bt_bb_vertical_align_top bt_bb_align_left bt_bb_padding_normal\" data-width=\"12\" data-bt-override-class=\"{}\"><div class=\"bt_bb_column_content\"><div class=\"bt_bb_column_content_inner\"><div class=\"bt_bb_text\"><div class=\"main-sections\"><section id=\"elm-columns-_e7bd07560fe141-main\" class=\"elm-main elm-columns-main \"><div class=\"elm-wrapper elm-columns-wrapper\"><div id=\"elm-columns-_e7bd07560fe141\" class=\"column-grid column-grid-2\"><div class=\"column column-span-2 column-first column-last\"><section id=\"elm-text-_e1d993bddba6c6-main\" class=\"elm-main elm-text-main load-finished\"><div class=\"elm-wrapper elm-text-wrapper\"><div id=\"elm-text-_e1d993bddba6c6\" class=\"elm-text\"><div class=\"entry-content\"><p>Politika velja od 25. 5. 2018 dalje in se lahko kadarkoli spremeni ali dopolni.<\/p><p>Ta stran je za\u0161\u010ditena z reCAPTCHA sistema Google. (This site is protected by reCAPTCHA and the Google)<br \/><a href=\"https:\/\/policies.google.com\/privacy\" rel=\"noopener\">Politika varovanja podatkov Google (Privacy Policy)<\/a>\u00a0in<br \/><a href=\"https:\/\/policies.google.com\/terms\" rel=\"noopener\">Pogoji uporabe (Terms of Service)<\/a>\u00a0se uporablja pri tem.<\/p><\/div><p><label>Uporabnik ob oddaji kontaktnega povpra\u0161evanja sprejema tudi\u00a0<a href=\"https:\/\/privacy.google.com\/businesses\/processorterms\/\" target=\"_blank\" rel=\"noopener\" data-saferedirecturl=\"https:\/\/www.google.com\/url?q=https:\/\/privacy.google.com\/businesses\/processorterms\/&amp;source=gmail&amp;ust=1632477850293000&amp;usg=AFQjCNGpH59bih2GT-QlmdBpm-RzON2RCg\">dolo\u010dila glede obdelave podatkov<\/a>, kot to zahteva Splo\u0161na uredba o varstvu podatkov (GDPR).\u00a0<a href=\"https:\/\/support.google.com\/tagmanager\/answer\/7207086\" target=\"_blank\" rel=\"noopener\" data-saferedirecturl=\"https:\/\/www.google.com\/url?q=https:\/\/support.google.com\/tagmanager\/answer\/7207086&amp;source=gmail&amp;ust=1632477850293000&amp;usg=AFQjCNHjcsJcQwcjZJOXao-n6L0QZhPB_g\">Ve\u010d o tem<\/a><\/label><\/p><\/div><\/div><\/section><\/div><\/div><\/div><\/section><\/div><\/div><\/div><\/div><\/div><\/div><\/div><\/div><\/div><\/div><\/section><\/div><\/div><\/div><\/div>\t\t\t\t\t\t\t\t<\/div>\n\t\t\t\t<\/div>\n\t\t\t\t\t<\/div>\n\t\t\t\t<\/div>\n\t\t\t\t<\/div>\n\t\t","protected":false},"excerpt":{"rendered":"<p>Politika varstva osebnih podatkov Pedimed d.o.o. (v nadaljevanju Pedimed) zbira, obdeluje in uporablja skladno z dolo\u010dbami prepisov, ki urejajo varstvo osebnih podatkov (zlasti splo\u0161no Uredbo o varstvu osebnih podatkov \u2013 GDPR), vsaj naslednje osebne podatke: ime in priimek, elektronski naslov, telefonsko \u0161tevilko, podatke o zdravstvene stanju, ki jih posredujejo osebe ali ki jih Pedimed pridobi [&hellip;]<\/p>\n","protected":false},"author":1,"featured_media":0,"parent":0,"menu_order":0,"comment_status":"closed","ping_status":"closed","template":"elementor_header_footer","meta":{"footnotes":""},"class_list":["post-3726","page","type-page","status-publish","hentry"],"_links":{"self":[{"href":"https:\/\/pedimed.eps-backup.com\/hr\/wp-json\/wp\/v2\/pages\/3726","targetHints":{"allow":["GET"]}}],"collection":[{"href":"https:\/\/pedimed.eps-backup.com\/hr\/wp-json\/wp\/v2\/pages"}],"about":[{"href":"https:\/\/pedimed.eps-backup.com\/hr\/wp-json\/wp\/v2\/types\/page"}],"author":[{"embeddable":true,"href":"https:\/\/pedimed.eps-backup.com\/hr\/wp-json\/wp\/v2\/users\/1"}],"replies":[{"embeddable":true,"href":"https:\/\/pedimed.eps-backup.com\/hr\/wp-json\/wp\/v2\/comments?post=3726"}],"version-history":[{"count":1,"href":"https:\/\/pedimed.eps-backup.com\/hr\/wp-json\/wp\/v2\/pages\/3726\/revisions"}],"predecessor-version":[{"id":3734,"href":"https:\/\/pedimed.eps-backup.com\/hr\/wp-json\/wp\/v2\/pages\/3726\/revisions\/3734"}],"wp:attachment":[{"href":"https:\/\/pedimed.eps-backup.com\/hr\/wp-json\/wp\/v2\/media?parent=3726"}],"curies":[{"name":"wp","href":"https:\/\/api.w.org\/{rel}","templated":true}]}}