{"id":3276,"date":"2023-10-02T11:17:40","date_gmt":"2023-10-02T11:17:40","guid":{"rendered":"https:\/\/pedimed.eps-backup.com\/partnerji\/"},"modified":"2023-11-23T10:02:09","modified_gmt":"2023-11-23T10:02:09","slug":"partneri","status":"publish","type":"page","link":"https:\/\/pedimed.eps-backup.com\/hr\/partneri\/","title":{"rendered":"Partneri"},"content":{"rendered":"\t\t<div data-elementor-type=\"wp-page\" data-elementor-id=\"3276\" class=\"elementor elementor-3276 elementor-328\" data-elementor-settings=\"{&quot;element_pack_global_tooltip_width&quot;:{&quot;unit&quot;:&quot;px&quot;,&quot;size&quot;:&quot;&quot;,&quot;sizes&quot;:[]},&quot;element_pack_global_tooltip_width_laptop&quot;:{&quot;unit&quot;:&quot;px&quot;,&quot;size&quot;:&quot;&quot;,&quot;sizes&quot;:[]},&quot;element_pack_global_tooltip_width_tablet&quot;:{&quot;unit&quot;:&quot;px&quot;,&quot;size&quot;:&quot;&quot;,&quot;sizes&quot;:[]},&quot;element_pack_global_tooltip_width_mobile&quot;:{&quot;unit&quot;:&quot;px&quot;,&quot;size&quot;:&quot;&quot;,&quot;sizes&quot;:[]},&quot;element_pack_global_tooltip_padding&quot;:{&quot;unit&quot;:&quot;px&quot;,&quot;top&quot;:&quot;&quot;,&quot;right&quot;:&quot;&quot;,&quot;bottom&quot;:&quot;&quot;,&quot;left&quot;:&quot;&quot;,&quot;isLinked&quot;:true},&quot;element_pack_global_tooltip_padding_laptop&quot;:{&quot;unit&quot;:&quot;px&quot;,&quot;top&quot;:&quot;&quot;,&quot;right&quot;:&quot;&quot;,&quot;bottom&quot;:&quot;&quot;,&quot;left&quot;:&quot;&quot;,&quot;isLinked&quot;:true},&quot;element_pack_global_tooltip_padding_tablet&quot;:{&quot;unit&quot;:&quot;px&quot;,&quot;top&quot;:&quot;&quot;,&quot;right&quot;:&quot;&quot;,&quot;bottom&quot;:&quot;&quot;,&quot;left&quot;:&quot;&quot;,&quot;isLinked&quot;:true},&quot;element_pack_global_tooltip_padding_mobile&quot;:{&quot;unit&quot;:&quot;px&quot;,&quot;top&quot;:&quot;&quot;,&quot;right&quot;:&quot;&quot;,&quot;bottom&quot;:&quot;&quot;,&quot;left&quot;:&quot;&quot;,&quot;isLinked&quot;:true},&quot;element_pack_global_tooltip_border_radius&quot;:{&quot;unit&quot;:&quot;px&quot;,&quot;top&quot;:&quot;&quot;,&quot;right&quot;:&quot;&quot;,&quot;bottom&quot;:&quot;&quot;,&quot;left&quot;:&quot;&quot;,&quot;isLinked&quot;:true},&quot;element_pack_global_tooltip_border_radius_laptop&quot;:{&quot;unit&quot;:&quot;px&quot;,&quot;top&quot;:&quot;&quot;,&quot;right&quot;:&quot;&quot;,&quot;bottom&quot;:&quot;&quot;,&quot;left&quot;:&quot;&quot;,&quot;isLinked&quot;:true},&quot;element_pack_global_tooltip_border_radius_tablet&quot;:{&quot;unit&quot;:&quot;px&quot;,&quot;top&quot;:&quot;&quot;,&quot;right&quot;:&quot;&quot;,&quot;bottom&quot;:&quot;&quot;,&quot;left&quot;:&quot;&quot;,&quot;isLinked&quot;:true},&quot;element_pack_global_tooltip_border_radius_mobile&quot;:{&quot;unit&quot;:&quot;px&quot;,&quot;top&quot;:&quot;&quot;,&quot;right&quot;:&quot;&quot;,&quot;bottom&quot;:&quot;&quot;,&quot;left&quot;:&quot;&quot;,&quot;isLinked&quot;:true}}\" data-elementor-post-type=\"page\">\n\t\t\t\t<div class=\"elementor-element elementor-element-785f0e6 e-flex e-con-boxed e-con e-parent\" data-id=\"785f0e6\" data-element_type=\"container\">\n\t\t\t\t\t<div class=\"e-con-inner\">\n\t\t\t\t<div class=\"elementor-element elementor-element-3d292d9 elementor-widget elementor-widget-heading\" data-id=\"3d292d9\" data-element_type=\"widget\" data-widget_type=\"heading.default\">\n\t\t\t\t<div class=\"elementor-widget-container\">\n\t\t\t\t\t<h1 class=\"elementor-heading-title elementor-size-default\">Partneri<\/h1>\t\t\t\t<\/div>\n\t\t\t\t<\/div>\n\t\t\t\t<div class=\"elementor-element elementor-element-7a2e3e7 elementor-widget__width-auto elementor-widget-divider--view-line elementor-widget elementor-widget-divider\" data-id=\"7a2e3e7\" data-element_type=\"widget\" data-widget_type=\"divider.default\">\n\t\t\t\t<div class=\"elementor-widget-container\">\n\t\t\t\t\t\t\t<div class=\"elementor-divider\">\n\t\t\t<span class=\"elementor-divider-separator\">\n\t\t\t\t\t\t<\/span>\n\t\t<\/div>\n\t\t\t\t\t\t<\/div>\n\t\t\t\t<\/div>\n\t\t\t\t\t<\/div>\n\t\t\t\t<\/div>\n\t\t<div class=\"elementor-element elementor-element-d0619d4 e-flex e-con-boxed e-con e-parent\" data-id=\"d0619d4\" data-element_type=\"container\">\n\t\t\t\t\t<div class=\"e-con-inner\">\n\t\t<div class=\"elementor-element elementor-element-b41eeeb e-con-full e-flex e-con e-child\" data-id=\"b41eeeb\" data-element_type=\"container\">\n\t\t\t\t<div class=\"elementor-element elementor-element-06efe20 elementor-widget elementor-widget-image\" data-id=\"06efe20\" data-element_type=\"widget\" data-widget_type=\"image.default\">\n\t\t\t\t<div class=\"elementor-widget-container\">\n\t\t\t\t\t\t\t\t\t\t\t\t\t\t\t\t<a href=\"https:\/\/trgovina.pedimed.si\/podopharm\/\" target=\"_blank\" rel=\"noopener\">\n\t\t\t\t\t\t\t<img fetchpriority=\"high\" decoding=\"async\" width=\"400\" height=\"200\" src=\"https:\/\/pedimed.eps-backup.com\/wp-content\/uploads\/2023\/10\/partnerji-podopharm.png\" class=\"attachment-full size-full wp-image-2541\" alt=\"\" srcset=\"https:\/\/pedimed.eps-backup.com\/wp-content\/uploads\/2023\/10\/partnerji-podopharm.png 400w, https:\/\/pedimed.eps-backup.com\/wp-content\/uploads\/2023\/10\/partnerji-podopharm-300x150.png 300w\" sizes=\"(max-width: 400px) 100vw, 400px\" \/>\t\t\t\t\t\t\t\t<\/a>\n\t\t\t\t\t\t\t\t\t\t\t\t\t\t\t<\/div>\n\t\t\t\t<\/div>\n\t\t\t\t<\/div>\n\t\t<div class=\"elementor-element elementor-element-5411d20 e-con-full e-flex e-con e-child\" data-id=\"5411d20\" data-element_type=\"container\">\n\t\t\t\t<div class=\"elementor-element elementor-element-6705508 elementor-widget elementor-widget-image\" data-id=\"6705508\" data-element_type=\"widget\" data-widget_type=\"image.default\">\n\t\t\t\t<div class=\"elementor-widget-container\">\n\t\t\t\t\t\t\t\t\t\t\t\t\t\t\t\t<a href=\"https:\/\/trgovina.pedimed.si\/poderm-professional\/\" target=\"_blank\" rel=\"noopener\">\n\t\t\t\t\t\t\t<img decoding=\"async\" width=\"400\" height=\"200\" src=\"https:\/\/pedimed.eps-backup.com\/wp-content\/uploads\/2023\/10\/partnerji-poderm.png\" class=\"attachment-full size-full wp-image-2539\" alt=\"\" srcset=\"https:\/\/pedimed.eps-backup.com\/wp-content\/uploads\/2023\/10\/partnerji-poderm.png 400w, https:\/\/pedimed.eps-backup.com\/wp-content\/uploads\/2023\/10\/partnerji-poderm-300x150.png 300w\" sizes=\"(max-width: 400px) 100vw, 400px\" \/>\t\t\t\t\t\t\t\t<\/a>\n\t\t\t\t\t\t\t\t\t\t\t\t\t\t\t<\/div>\n\t\t\t\t<\/div>\n\t\t\t\t<\/div>\n\t\t<div class=\"elementor-element elementor-element-459e9fc e-con-full e-flex e-con e-child\" data-id=\"459e9fc\" data-element_type=\"container\">\n\t\t\t\t<div class=\"elementor-element elementor-element-13fc299 elementor-widget elementor-widget-image\" data-id=\"13fc299\" data-element_type=\"widget\" data-widget_type=\"image.default\">\n\t\t\t\t<div class=\"elementor-widget-container\">\n\t\t\t\t\t\t\t\t\t\t\t\t\t\t\t\t<a href=\"https:\/\/trgovina.pedimed.si\/clinisept-podiatry\/\" target=\"_blank\" rel=\"noopener\">\n\t\t\t\t\t\t\t<img decoding=\"async\" width=\"400\" height=\"200\" src=\"https:\/\/pedimed.eps-backup.com\/wp-content\/uploads\/2023\/10\/partnerji-clinisept.png\" class=\"attachment-full size-full wp-image-2531\" alt=\"\" srcset=\"https:\/\/pedimed.eps-backup.com\/wp-content\/uploads\/2023\/10\/partnerji-clinisept.png 400w, https:\/\/pedimed.eps-backup.com\/wp-content\/uploads\/2023\/10\/partnerji-clinisept-300x150.png 300w\" sizes=\"(max-width: 400px) 100vw, 400px\" \/>\t\t\t\t\t\t\t\t<\/a>\n\t\t\t\t\t\t\t\t\t\t\t\t\t\t\t<\/div>\n\t\t\t\t<\/div>\n\t\t\t\t<\/div>\n\t\t<div class=\"elementor-element elementor-element-e2f08b8 e-con-full e-flex e-con e-child\" data-id=\"e2f08b8\" data-element_type=\"container\">\n\t\t\t\t<div class=\"elementor-element elementor-element-8a06e03 elementor-widget elementor-widget-image\" data-id=\"8a06e03\" data-element_type=\"widget\" data-widget_type=\"image.default\">\n\t\t\t\t<div class=\"elementor-widget-container\">\n\t\t\t\t\t\t\t\t\t\t\t\t\t\t\t\t<a href=\"https:\/\/trgovina.pedimed.si\/cryopen-b\/\" target=\"_blank\" rel=\"noopener\">\n\t\t\t\t\t\t\t<img loading=\"lazy\" decoding=\"async\" width=\"400\" height=\"200\" src=\"https:\/\/pedimed.eps-backup.com\/wp-content\/uploads\/2023\/10\/partnerji-cryopen.png\" class=\"attachment-full size-full wp-image-2533\" alt=\"\" srcset=\"https:\/\/pedimed.eps-backup.com\/wp-content\/uploads\/2023\/10\/partnerji-cryopen.png 400w, https:\/\/pedimed.eps-backup.com\/wp-content\/uploads\/2023\/10\/partnerji-cryopen-300x150.png 300w\" sizes=\"(max-width: 400px) 100vw, 400px\" \/>\t\t\t\t\t\t\t\t<\/a>\n\t\t\t\t\t\t\t\t\t\t\t\t\t\t\t<\/div>\n\t\t\t\t<\/div>\n\t\t\t\t<\/div>\n\t\t<div class=\"elementor-element elementor-element-518b3ea e-con-full e-flex e-con e-child\" data-id=\"518b3ea\" data-element_type=\"container\">\n\t\t\t\t<div class=\"elementor-element elementor-element-6fecb5a elementor-widget elementor-widget-heading\" data-id=\"6fecb5a\" data-element_type=\"widget\" data-widget_type=\"heading.default\">\n\t\t\t\t<div class=\"elementor-widget-container\">\n\t\t\t\t\t<h6 class=\"elementor-heading-title elementor-size-default\">vjerujemo im<\/h6>\t\t\t\t<\/div>\n\t\t\t\t<\/div>\n\t\t\t\t<div class=\"elementor-element elementor-element-f03f2e6 elementor-widget__width-initial elementor-widget elementor-widget-heading\" data-id=\"f03f2e6\" data-element_type=\"widget\" data-widget_type=\"heading.default\">\n\t\t\t\t<div class=\"elementor-widget-container\">\n\t\t\t\t\t<h3 class=\"elementor-heading-title elementor-size-default\">Centar Pedimed je zastupnik sljede\u0107ih robnih marki<\/h3>\t\t\t\t<\/div>\n\t\t\t\t<\/div>\n\t\t\t\t<div class=\"elementor-element elementor-element-17d5742 elementor-widget__width-initial elementor-widget elementor-widget-text-editor\" data-id=\"17d5742\" data-element_type=\"widget\" data-widget_type=\"text-editor.default\">\n\t\t\t\t<div class=\"elementor-widget-container\">\n\t\t\t\t\t\t\t\t\t<p><span data-sheets-root=\"1\" data-sheets-value=\"{&quot;1&quot;:2,&quot;2&quot;:&quot;U poplavi proizvoda za njegu stopala mo\u017ee biti te\u0161ko odabrati onaj pravi. Dugogodi\u0161njom praksom nau\u010dili smo koji proizvodi stvarno djeluju i odgovaraju podoli\u0161kim problemima stopala.&quot;}\">U poplavi proizvoda za njegu stopala mo\u017ee biti te\u0161ko odabrati onaj pravi. Dugogodi\u0161njom praksom nau\u010dili smo koji proizvodi stvarno djeluju i odgovaraju podoli\u0161kim problemima stopala.<\/span><\/p>\t\t\t\t\t\t\t\t<\/div>\n\t\t\t\t<\/div>\n\t\t\t\t<\/div>\n\t\t<div class=\"elementor-element elementor-element-065440e e-con-full e-flex e-con e-child\" data-id=\"065440e\" data-element_type=\"container\">\n\t\t\t\t<div class=\"elementor-element elementor-element-3e2ac7c elementor-widget elementor-widget-image\" data-id=\"3e2ac7c\" data-element_type=\"widget\" data-widget_type=\"image.default\">\n\t\t\t\t<div class=\"elementor-widget-container\">\n\t\t\t\t\t\t\t\t\t\t\t\t\t\t\t\t<a href=\"https:\/\/trgovina.pedimed.si\/hfl-laboratories\/\" target=\"_blank\" rel=\"noopener\">\n\t\t\t\t\t\t\t<img loading=\"lazy\" decoding=\"async\" width=\"400\" height=\"200\" src=\"https:\/\/pedimed.eps-backup.com\/wp-content\/uploads\/2023\/10\/partnerji-hfl-laboratories.png\" class=\"attachment-full size-full wp-image-2535\" alt=\"\" srcset=\"https:\/\/pedimed.eps-backup.com\/wp-content\/uploads\/2023\/10\/partnerji-hfl-laboratories.png 400w, https:\/\/pedimed.eps-backup.com\/wp-content\/uploads\/2023\/10\/partnerji-hfl-laboratories-300x150.png 300w\" sizes=\"(max-width: 400px) 100vw, 400px\" \/>\t\t\t\t\t\t\t\t<\/a>\n\t\t\t\t\t\t\t\t\t\t\t\t\t\t\t<\/div>\n\t\t\t\t<\/div>\n\t\t\t\t<\/div>\n\t\t<div class=\"elementor-element elementor-element-6d352d0 e-con-full e-flex e-con e-child\" data-id=\"6d352d0\" data-element_type=\"container\">\n\t\t\t\t<div class=\"elementor-element elementor-element-081846e elementor-widget elementor-widget-image\" data-id=\"081846e\" data-element_type=\"widget\" data-widget_type=\"image.default\">\n\t\t\t\t<div class=\"elementor-widget-container\">\n\t\t\t\t\t\t\t\t\t\t\t\t\t\t\t\t<a href=\"https:\/\/trgovina.pedimed.si\/nec-by-easy-footcare\/\" target=\"_blank\" rel=\"noopener\">\n\t\t\t\t\t\t\t<img loading=\"lazy\" decoding=\"async\" width=\"400\" height=\"200\" src=\"https:\/\/pedimed.eps-backup.com\/wp-content\/uploads\/2023\/10\/partnerji-nec-easy.png\" class=\"attachment-full size-full wp-image-2537\" alt=\"\" srcset=\"https:\/\/pedimed.eps-backup.com\/wp-content\/uploads\/2023\/10\/partnerji-nec-easy.png 400w, https:\/\/pedimed.eps-backup.com\/wp-content\/uploads\/2023\/10\/partnerji-nec-easy-300x150.png 300w\" sizes=\"(max-width: 400px) 100vw, 400px\" \/>\t\t\t\t\t\t\t\t<\/a>\n\t\t\t\t\t\t\t\t\t\t\t\t\t\t\t<\/div>\n\t\t\t\t<\/div>\n\t\t\t\t<\/div>\n\t\t<div class=\"elementor-element elementor-element-6f0b7ec e-con-full e-flex e-con e-child\" data-id=\"6f0b7ec\" data-element_type=\"container\">\n\t\t\t\t<div class=\"elementor-element elementor-element-dd7ef75 elementor-widget elementor-widget-image\" data-id=\"dd7ef75\" data-element_type=\"widget\" data-widget_type=\"image.default\">\n\t\t\t\t<div class=\"elementor-widget-container\">\n\t\t\t\t\t\t\t\t\t\t\t\t\t\t\t<img loading=\"lazy\" decoding=\"async\" width=\"400\" height=\"200\" src=\"https:\/\/pedimed.eps-backup.com\/wp-content\/uploads\/2023\/11\/partnerji-podopharm-professional.png\" class=\"attachment-full size-full wp-image-3794\" alt=\"\" srcset=\"https:\/\/pedimed.eps-backup.com\/wp-content\/uploads\/2023\/11\/partnerji-podopharm-professional.png 400w, https:\/\/pedimed.eps-backup.com\/wp-content\/uploads\/2023\/11\/partnerji-podopharm-professional-300x150.png 300w\" sizes=\"(max-width: 400px) 100vw, 400px\" \/>\t\t\t\t\t\t\t\t\t\t\t\t\t\t\t<\/div>\n\t\t\t\t<\/div>\n\t\t\t\t<\/div>\n\t\t<div class=\"elementor-element elementor-element-d01b306 e-con-full e-flex e-con e-child\" data-id=\"d01b306\" data-element_type=\"container\">\n\t\t\t\t<div class=\"elementor-element elementor-element-77fdf22 elementor-align-left elementor-widget__width-initial elementor-widget elementor-widget-bdt-advanced-button\" data-id=\"77fdf22\" data-element_type=\"widget\" id=\"levo\" data-widget_type=\"bdt-advanced-button.default\">\n\t\t\t\t<div class=\"elementor-widget-container\">\n\t\t\t\t\t\t\t<div class=\"bdt-ep-button-wrapper\">\n\t\t\t<a href=\"https:\/\/trgovina.pedimed.si\/\" target=\"_blank\" class=\"bdt-ep-button bdt-ep-button-effect-a bdt-ep-button-size-md\" rel=\"noopener\">\n\t\t\t\t\t\t<div class=\"bdt-ep-button-content-wrapper bdt-flex bdt-flex-middle bdt-flex-center  \" data-text=\"kupujte u online trgovini\">\n\t\t\t\t\t\t\t<div class=\"bdt-ep-button-icon bdt-flex-center bdt-flex-align-left\">\n\t\t\t\t\t<div class=\"bdt-ep-button-icon-inner\">\n\n\t\t\t\t\t\t<i aria-hidden=\"true\" class=\"fa-fw iconpedimed icon-pedimedpedimed_kosarica\"><\/i>\n\t\t\t\t\t<\/div>\n\t\t\t\t<\/div>\n\t\t\t\n\t\t\t<div class=\"bdt-ep-button-text\">\n\n\t\t\t\t<span class=\"avdbtn-text\">\n\t\t\t\t\tkupujte u online trgovini\t\t\t\t<\/span>\n\n\t\t\t\t\t\t\t<\/div>\n\n\t\t\t\n\t\t<\/div>\n\t\t\t\t\t<\/a>\n\t\t<\/div>\n\t\t\t\t\t\t<\/div>\n\t\t\t\t<\/div>\n\t\t\t\t<\/div>\n\t\t\t\t\t<\/div>\n\t\t\t\t<\/div>\n\t\t\t\t<\/div>\n\t\t","protected":false},"excerpt":{"rendered":"<p>Partneri vjerujemo im Centar Pedimed je zastupnik sljede\u0107ih robnih marki U poplavi proizvoda za njegu stopala mo\u017ee biti te\u0161ko odabrati onaj pravi. Dugogodi\u0161njom praksom nau\u010dili smo koji proizvodi stvarno djeluju i odgovaraju podoli\u0161kim problemima stopala. kupujte u online trgovini<\/p>\n","protected":false},"author":1,"featured_media":0,"parent":0,"menu_order":0,"comment_status":"closed","ping_status":"closed","template":"elementor_header_footer","meta":{"footnotes":""},"class_list":["post-3276","page","type-page","status-publish","hentry"],"_links":{"self":[{"href":"https:\/\/pedimed.eps-backup.com\/hr\/wp-json\/wp\/v2\/pages\/3276","targetHints":{"allow":["GET"]}}],"collection":[{"href":"https:\/\/pedimed.eps-backup.com\/hr\/wp-json\/wp\/v2\/pages"}],"about":[{"href":"https:\/\/pedimed.eps-backup.com\/hr\/wp-json\/wp\/v2\/types\/page"}],"author":[{"embeddable":true,"href":"https:\/\/pedimed.eps-backup.com\/hr\/wp-json\/wp\/v2\/users\/1"}],"replies":[{"embeddable":true,"href":"https:\/\/pedimed.eps-backup.com\/hr\/wp-json\/wp\/v2\/comments?post=3276"}],"version-history":[{"count":7,"href":"https:\/\/pedimed.eps-backup.com\/hr\/wp-json\/wp\/v2\/pages\/3276\/revisions"}],"predecessor-version":[{"id":3804,"href":"https:\/\/pedimed.eps-backup.com\/hr\/wp-json\/wp\/v2\/pages\/3276\/revisions\/3804"}],"wp:attachment":[{"href":"https:\/\/pedimed.eps-backup.com\/hr\/wp-json\/wp\/v2\/media?parent=3276"}],"curies":[{"name":"wp","href":"https:\/\/api.w.org\/{rel}","templated":true}]}}