{"id":3269,"date":"2023-10-02T11:17:33","date_gmt":"2023-10-02T11:17:33","guid":{"rendered":"https:\/\/pedimed.eps-backup.com\/higiena\/"},"modified":"2023-11-22T13:19:16","modified_gmt":"2023-11-22T13:19:16","slug":"higijena","status":"publish","type":"page","link":"https:\/\/pedimed.eps-backup.com\/hr\/higijena\/","title":{"rendered":"Higijena"},"content":{"rendered":"\t\t<div data-elementor-type=\"wp-page\" data-elementor-id=\"3269\" class=\"elementor elementor-3269 elementor-326\" data-elementor-settings=\"{&quot;element_pack_global_tooltip_width&quot;:{&quot;unit&quot;:&quot;px&quot;,&quot;size&quot;:&quot;&quot;,&quot;sizes&quot;:[]},&quot;element_pack_global_tooltip_width_laptop&quot;:{&quot;unit&quot;:&quot;px&quot;,&quot;size&quot;:&quot;&quot;,&quot;sizes&quot;:[]},&quot;element_pack_global_tooltip_width_tablet&quot;:{&quot;unit&quot;:&quot;px&quot;,&quot;size&quot;:&quot;&quot;,&quot;sizes&quot;:[]},&quot;element_pack_global_tooltip_width_mobile&quot;:{&quot;unit&quot;:&quot;px&quot;,&quot;size&quot;:&quot;&quot;,&quot;sizes&quot;:[]},&quot;element_pack_global_tooltip_padding&quot;:{&quot;unit&quot;:&quot;px&quot;,&quot;top&quot;:&quot;&quot;,&quot;right&quot;:&quot;&quot;,&quot;bottom&quot;:&quot;&quot;,&quot;left&quot;:&quot;&quot;,&quot;isLinked&quot;:true},&quot;element_pack_global_tooltip_padding_laptop&quot;:{&quot;unit&quot;:&quot;px&quot;,&quot;top&quot;:&quot;&quot;,&quot;right&quot;:&quot;&quot;,&quot;bottom&quot;:&quot;&quot;,&quot;left&quot;:&quot;&quot;,&quot;isLinked&quot;:true},&quot;element_pack_global_tooltip_padding_tablet&quot;:{&quot;unit&quot;:&quot;px&quot;,&quot;top&quot;:&quot;&quot;,&quot;right&quot;:&quot;&quot;,&quot;bottom&quot;:&quot;&quot;,&quot;left&quot;:&quot;&quot;,&quot;isLinked&quot;:true},&quot;element_pack_global_tooltip_padding_mobile&quot;:{&quot;unit&quot;:&quot;px&quot;,&quot;top&quot;:&quot;&quot;,&quot;right&quot;:&quot;&quot;,&quot;bottom&quot;:&quot;&quot;,&quot;left&quot;:&quot;&quot;,&quot;isLinked&quot;:true},&quot;element_pack_global_tooltip_border_radius&quot;:{&quot;unit&quot;:&quot;px&quot;,&quot;top&quot;:&quot;&quot;,&quot;right&quot;:&quot;&quot;,&quot;bottom&quot;:&quot;&quot;,&quot;left&quot;:&quot;&quot;,&quot;isLinked&quot;:true},&quot;element_pack_global_tooltip_border_radius_laptop&quot;:{&quot;unit&quot;:&quot;px&quot;,&quot;top&quot;:&quot;&quot;,&quot;right&quot;:&quot;&quot;,&quot;bottom&quot;:&quot;&quot;,&quot;left&quot;:&quot;&quot;,&quot;isLinked&quot;:true},&quot;element_pack_global_tooltip_border_radius_tablet&quot;:{&quot;unit&quot;:&quot;px&quot;,&quot;top&quot;:&quot;&quot;,&quot;right&quot;:&quot;&quot;,&quot;bottom&quot;:&quot;&quot;,&quot;left&quot;:&quot;&quot;,&quot;isLinked&quot;:true},&quot;element_pack_global_tooltip_border_radius_mobile&quot;:{&quot;unit&quot;:&quot;px&quot;,&quot;top&quot;:&quot;&quot;,&quot;right&quot;:&quot;&quot;,&quot;bottom&quot;:&quot;&quot;,&quot;left&quot;:&quot;&quot;,&quot;isLinked&quot;:true}}\" data-elementor-post-type=\"page\">\n\t\t\t\t<div class=\"elementor-element elementor-element-a2c5928 e-flex e-con-boxed e-con e-parent\" data-id=\"a2c5928\" data-element_type=\"container\">\n\t\t\t\t\t<div class=\"e-con-inner\">\n\t\t\t\t<div class=\"elementor-element elementor-element-d4970bd elementor-widget elementor-widget-heading\" data-id=\"d4970bd\" data-element_type=\"widget\" data-widget_type=\"heading.default\">\n\t\t\t\t<div class=\"elementor-widget-container\">\n\t\t\t\t\t<h1 class=\"elementor-heading-title elementor-size-default\">Higijena<\/h1>\t\t\t\t<\/div>\n\t\t\t\t<\/div>\n\t\t\t\t<div class=\"elementor-element elementor-element-e82e7d3 elementor-widget__width-auto elementor-widget-divider--view-line elementor-widget elementor-widget-divider\" data-id=\"e82e7d3\" data-element_type=\"widget\" data-widget_type=\"divider.default\">\n\t\t\t\t<div class=\"elementor-widget-container\">\n\t\t\t\t\t\t\t<div class=\"elementor-divider\">\n\t\t\t<span class=\"elementor-divider-separator\">\n\t\t\t\t\t\t<\/span>\n\t\t<\/div>\n\t\t\t\t\t\t<\/div>\n\t\t\t\t<\/div>\n\t\t\t\t\t<\/div>\n\t\t\t\t<\/div>\n\t\t<div class=\"elementor-element elementor-element-f2ec710 e-flex e-con-boxed e-con e-parent\" data-id=\"f2ec710\" data-element_type=\"container\">\n\t\t\t\t\t<div class=\"e-con-inner\">\n\t\t<div class=\"elementor-element elementor-element-84f15bd e-con-full e-flex e-con e-child\" data-id=\"84f15bd\" data-element_type=\"container\">\n\t\t\t\t<div class=\"elementor-element elementor-element-3d97ac9 elementor-widget__width-initial elementor-widget elementor-widget-image\" data-id=\"3d97ac9\" data-element_type=\"widget\" data-widget_type=\"image.default\">\n\t\t\t\t<div class=\"elementor-widget-container\">\n\t\t\t\t\t\t\t\t\t\t\t\t\t\t\t<img fetchpriority=\"high\" decoding=\"async\" width=\"716\" height=\"555\" src=\"https:\/\/pedimed.eps-backup.com\/wp-content\/uploads\/2023\/11\/pedimed-higiena-01.jpg\" class=\"attachment-full size-full wp-image-2677\" alt=\"\" srcset=\"https:\/\/pedimed.eps-backup.com\/wp-content\/uploads\/2023\/11\/pedimed-higiena-01.jpg 716w, https:\/\/pedimed.eps-backup.com\/wp-content\/uploads\/2023\/11\/pedimed-higiena-01-300x233.jpg 300w\" sizes=\"(max-width: 716px) 100vw, 716px\" \/>\t\t\t\t\t\t\t\t\t\t\t\t\t\t\t<\/div>\n\t\t\t\t<\/div>\n\t\t\t\t<div class=\"elementor-element elementor-element-b5d7f81 elementor-widget__width-initial elementor-widget elementor-widget-image\" data-id=\"b5d7f81\" data-element_type=\"widget\" data-widget_type=\"image.default\">\n\t\t\t\t<div class=\"elementor-widget-container\">\n\t\t\t\t\t\t\t\t\t\t\t\t\t\t\t<img decoding=\"async\" width=\"363\" height=\"516\" src=\"https:\/\/pedimed.eps-backup.com\/wp-content\/uploads\/2023\/11\/pedimed-higiena-02.jpg\" class=\"attachment-full size-full wp-image-2679\" alt=\"\" srcset=\"https:\/\/pedimed.eps-backup.com\/wp-content\/uploads\/2023\/11\/pedimed-higiena-02.jpg 363w, https:\/\/pedimed.eps-backup.com\/wp-content\/uploads\/2023\/11\/pedimed-higiena-02-211x300.jpg 211w\" sizes=\"(max-width: 363px) 100vw, 363px\" \/>\t\t\t\t\t\t\t\t\t\t\t\t\t\t\t<\/div>\n\t\t\t\t<\/div>\n\t\t\t\t<\/div>\n\t\t<div class=\"elementor-element elementor-element-6f0161c e-con-full e-flex e-con e-child\" data-id=\"6f0161c\" data-element_type=\"container\">\n\t\t\t\t<div class=\"elementor-element elementor-element-2e8f93e elementor-widget elementor-widget-heading\" data-id=\"2e8f93e\" data-element_type=\"widget\" data-widget_type=\"heading.default\">\n\t\t\t\t<div class=\"elementor-widget-container\">\n\t\t\t\t\t<h6 class=\"elementor-heading-title elementor-size-default\">Higijena i sterilizacija alata vrlo su va\u017eni u centru Pedimed<\/h6>\t\t\t\t<\/div>\n\t\t\t\t<\/div>\n\t\t\t\t<div class=\"elementor-element elementor-element-541f0c2 elementor-widget elementor-widget-heading\" data-id=\"541f0c2\" data-element_type=\"widget\" data-widget_type=\"heading.default\">\n\t\t\t\t<div class=\"elementor-widget-container\">\n\t\t\t\t\t<h3 class=\"elementor-heading-title elementor-size-default\">Higijena u centru Pedimed<\/h3>\t\t\t\t<\/div>\n\t\t\t\t<\/div>\n\t\t\t\t<div class=\"elementor-element elementor-element-e8a65d2 elementor-widget elementor-widget-text-editor\" data-id=\"e8a65d2\" data-element_type=\"widget\" data-widget_type=\"text-editor.default\">\n\t\t\t\t<div class=\"elementor-widget-container\">\n\t\t\t\t\t\t\t\t\t<p><span data-sheets-root=\"1\" data-sheets-value=\"{&quot;1&quot;:2,&quot;2&quot;:&quot;Za svakog klijenta koristimo nove sterilne instrumente, svu opremu steriliziramo u skladu s europskim higijenskim standardima, koristimo ultrazvu\u010dnu tehnologiju za \u010di\u0161\u0107enje i podr\u017eavamo sve postupke uz pomo\u0107 informati\u010dke tehnologije.&quot;}\">Za svakog klijenta koristimo nove sterilne instrumente, svu opremu steriliziramo u skladu s europskim higijenskim standardima, koristimo ultrazvu\u010dnu tehnologiju za \u010di\u0161\u0107enje i podr\u017eavamo sve postupke uz pomo\u0107 informati\u010dke tehnologije.<\/span><\/p>\t\t\t\t\t\t\t\t<\/div>\n\t\t\t\t<\/div>\n\t\t\t\t<div class=\"elementor-element elementor-element-5bba7fc elementor-align-left elementor-widget__width-initial elementor-widget elementor-widget-global elementor-global-3407 elementor-global-590 elementor-widget-bdt-advanced-button\" data-id=\"5bba7fc\" data-element_type=\"widget\" id=\"levo\" data-widget_type=\"bdt-advanced-button.default\">\n\t\t\t\t<div class=\"elementor-widget-container\">\n\t\t\t\t\t\t\t<div class=\"bdt-ep-button-wrapper\">\n\t\t\t<a href=\"https:\/\/narocanje.pedimed.si\/\" target=\"_blank\" class=\"bdt-ep-button bdt-ep-button-effect-a bdt-ep-button-size-md\" rel=\"noopener\">\n\t\t\t\t\t\t<div class=\"bdt-ep-button-content-wrapper bdt-flex bdt-flex-middle bdt-flex-center  \" data-text=\"Naru\u010dite se online\">\n\t\t\t\t\t\t\t<div class=\"bdt-ep-button-icon bdt-flex-center bdt-flex-align-left\">\n\t\t\t\t\t<div class=\"bdt-ep-button-icon-inner\">\n\n\t\t\t\t\t\t<i aria-hidden=\"true\" class=\"fa-fw iconpedimed icon-pedimedpedimed_puscica-desno\"><\/i>\n\t\t\t\t\t<\/div>\n\t\t\t\t<\/div>\n\t\t\t\n\t\t\t<div class=\"bdt-ep-button-text\">\n\n\t\t\t\t<span class=\"avdbtn-text\">\n\t\t\t\t\tNaru\u010dite se online\t\t\t\t<\/span>\n\n\t\t\t\t\t\t\t<\/div>\n\n\t\t\t\n\t\t<\/div>\n\t\t\t\t\t<\/a>\n\t\t<\/div>\n\t\t\t\t\t\t<\/div>\n\t\t\t\t<\/div>\n\t\t\t\t<\/div>\n\t\t\t\t\t<\/div>\n\t\t\t\t<\/div>\n\t\t<div class=\"elementor-element elementor-element-0fee851 e-flex e-con-boxed e-con e-parent\" data-id=\"0fee851\" data-element_type=\"container\">\n\t\t\t\t\t<div class=\"e-con-inner\">\n\t\t<div class=\"elementor-element elementor-element-e800c60 e-con-full e-flex e-con e-child\" data-id=\"e800c60\" data-element_type=\"container\">\n\t\t\t\t<div class=\"elementor-element elementor-element-d1ed467 elementor-widget elementor-widget-heading\" data-id=\"d1ed467\" data-element_type=\"widget\" data-widget_type=\"heading.default\">\n\t\t\t\t<div class=\"elementor-widget-container\">\n\t\t\t\t\t<h6 class=\"elementor-heading-title elementor-size-default\">Iz na\u0161e prakse<\/h6>\t\t\t\t<\/div>\n\t\t\t\t<\/div>\n\t\t\t\t<div class=\"elementor-element elementor-element-2ed53df elementor-widget elementor-widget-heading\" data-id=\"2ed53df\" data-element_type=\"widget\" data-widget_type=\"heading.default\">\n\t\t\t\t<div class=\"elementor-widget-container\">\n\t\t\t\t\t<h3 class=\"elementor-heading-title elementor-size-default\">Higijena i sterilizacija alata<\/h3>\t\t\t\t<\/div>\n\t\t\t\t<\/div>\n\t\t\t\t<div class=\"elementor-element elementor-element-e9bb8d4 elementor-widget elementor-widget-text-editor\" data-id=\"e9bb8d4\" data-element_type=\"widget\" data-widget_type=\"text-editor.default\">\n\t\t\t\t<div class=\"elementor-widget-container\">\n\t\t\t\t\t\t\t\t\t<p><span data-sheets-root=\"1\" data-sheets-value=\"{&quot;1&quot;:2,&quot;2&quot;:&quot;Za svakog klijenta koriste se sterilni instrumenti. Nakon svakog tretmana uklanjaju se i ru\u010dni instrumenti (klije\u0161ta, sonde, pincete itd.) i rotiraju\u0107i instrumenti (brusilice, reza\u010di itd.) i pripremaju za proces sterilizacije. Dezinficirani, o\u010di\u0161\u0107eni, sterilizirani i asepti\u010dki pohranjeni.&quot;}\">Za svakog klijenta koriste se sterilni instrumenti. Nakon svakog tretmana uklanjaju se i ru\u010dni instrumenti (klije\u0161ta, sonde, pincete itd.) i rotiraju\u0107i instrumenti (brusilice, reza\u010di itd.) i pripremaju za proces sterilizacije. Dezinficirani, o\u010di\u0161\u0107eni, sterilizirani i asepti\u010dki pohranjeni<\/span>.<\/p><p><span data-sheets-root=\"1\" data-sheets-value=\"{&quot;1&quot;:2,&quot;2&quot;:&quot;Za \u010di\u0161\u0107enje koristimo ultrazvu\u010dnu tehnologiju za uklanjanje \u010destica ko\u017ee s instrumenata, instrumenti se steriliziraju NEWMED KRONOS autoklavom (Europski higijenski standard). Taj proces uni\u0161tava sve viruse, gljivice i bakterijske spore, instrumenti su potpuno sterilni, tako da se mogu koristiti prakti\u010dki za operacije. Zahvaljuju\u0107i informacijski podr\u017eanoj serijskoj dokumentaciji, procesi se mogu pratiti bez prekida.&quot;}\">Za \u010di\u0161\u0107enje koristimo ultrazvu\u010dnu tehnologiju za uklanjanje \u010destica ko\u017ee s instrumenata, instrumenti se steriliziraju NEWMED KRONOS autoklavom (Europski higijenski standard). Taj proces uni\u0161tava sve viruse, gljivice i bakterijske spore, instrumenti su potpuno sterilni, tako da se mogu koristiti prakti\u010dki za operacije. Zahvaljuju\u0107i informacijski podr\u017eanoj serijskoj dokumentaciji, procesi se mogu pratiti bez prekida.<\/span><\/p>\t\t\t\t\t\t\t\t<\/div>\n\t\t\t\t<\/div>\n\t\t\t\t<div class=\"elementor-element elementor-element-c358c7d elementor-align-left elementor-widget__width-initial elementor-widget elementor-widget-bdt-advanced-button\" data-id=\"c358c7d\" data-element_type=\"widget\" id=\"levo\" data-widget_type=\"bdt-advanced-button.default\">\n\t\t\t\t<div class=\"elementor-widget-container\">\n\t\t\t\t\t\t\t<div class=\"bdt-ep-button-wrapper\">\n\t\t\t<a href=\"https:\/\/trgovina.pedimed.si\/\" target=\"_blank\" class=\"bdt-ep-button bdt-ep-button-effect-a bdt-ep-button-size-md\" rel=\"noopener\">\n\t\t\t\t\t\t<div class=\"bdt-ep-button-content-wrapper bdt-flex bdt-flex-middle bdt-flex-center  \" data-text=\"kupujte u online trgovini\">\n\t\t\t\t\t\t\t<div class=\"bdt-ep-button-icon bdt-flex-center bdt-flex-align-left\">\n\t\t\t\t\t<div class=\"bdt-ep-button-icon-inner\">\n\n\t\t\t\t\t\t<i aria-hidden=\"true\" class=\"fa-fw iconpedimed icon-pedimedpedimed_kosarica-mobile\"><\/i>\n\t\t\t\t\t<\/div>\n\t\t\t\t<\/div>\n\t\t\t\n\t\t\t<div class=\"bdt-ep-button-text\">\n\n\t\t\t\t<span class=\"avdbtn-text\">\n\t\t\t\t\tkupujte u online trgovini\t\t\t\t<\/span>\n\n\t\t\t\t\t\t\t<\/div>\n\n\t\t\t\n\t\t<\/div>\n\t\t\t\t\t<\/a>\n\t\t<\/div>\n\t\t\t\t\t\t<\/div>\n\t\t\t\t<\/div>\n\t\t\t\t<\/div>\n\t\t<div class=\"elementor-element elementor-element-f80758a e-con-full e-flex e-con e-child\" data-id=\"f80758a\" data-element_type=\"container\">\n\t\t\t\t<div class=\"elementor-element elementor-element-2798afc elementor-widget__width-inherit elementor-widget elementor-widget-image\" data-id=\"2798afc\" data-element_type=\"widget\" data-widget_type=\"image.default\">\n\t\t\t\t<div class=\"elementor-widget-container\">\n\t\t\t\t\t\t\t\t\t\t\t\t\t\t\t<img decoding=\"async\" width=\"800\" height=\"650\" src=\"https:\/\/pedimed.eps-backup.com\/wp-content\/uploads\/2023\/11\/higiena-avtoklav-hr.png\" class=\"attachment-full size-full wp-image-2996\" alt=\"\" srcset=\"https:\/\/pedimed.eps-backup.com\/wp-content\/uploads\/2023\/11\/higiena-avtoklav-hr.png 800w, https:\/\/pedimed.eps-backup.com\/wp-content\/uploads\/2023\/11\/higiena-avtoklav-hr-300x244.png 300w, https:\/\/pedimed.eps-backup.com\/wp-content\/uploads\/2023\/11\/higiena-avtoklav-hr-768x624.png 768w\" sizes=\"(max-width: 800px) 100vw, 800px\" \/>\t\t\t\t\t\t\t\t\t\t\t\t\t\t\t<\/div>\n\t\t\t\t<\/div>\n\t\t\t\t<\/div>\n\t\t\t\t\t<\/div>\n\t\t\t\t<\/div>\n\t\t\t\t<\/div>\n\t\t","protected":false},"excerpt":{"rendered":"<p>Higijena Higijena i sterilizacija alata vrlo su va\u017eni u centru Pedimed Higijena u centru Pedimed Za svakog klijenta koristimo nove sterilne instrumente, svu opremu steriliziramo u skladu s europskim higijenskim standardima, koristimo ultrazvu\u010dnu tehnologiju za \u010di\u0161\u0107enje i podr\u017eavamo sve postupke uz pomo\u0107 informati\u010dke tehnologije. Naru\u010dite se online Iz na\u0161e prakse Higijena i sterilizacija alata Za [&hellip;]<\/p>\n","protected":false},"author":1,"featured_media":0,"parent":0,"menu_order":0,"comment_status":"closed","ping_status":"closed","template":"elementor_header_footer","meta":{"footnotes":""},"class_list":["post-3269","page","type-page","status-publish","hentry"],"_links":{"self":[{"href":"https:\/\/pedimed.eps-backup.com\/hr\/wp-json\/wp\/v2\/pages\/3269","targetHints":{"allow":["GET"]}}],"collection":[{"href":"https:\/\/pedimed.eps-backup.com\/hr\/wp-json\/wp\/v2\/pages"}],"about":[{"href":"https:\/\/pedimed.eps-backup.com\/hr\/wp-json\/wp\/v2\/types\/page"}],"author":[{"embeddable":true,"href":"https:\/\/pedimed.eps-backup.com\/hr\/wp-json\/wp\/v2\/users\/1"}],"replies":[{"embeddable":true,"href":"https:\/\/pedimed.eps-backup.com\/hr\/wp-json\/wp\/v2\/comments?post=3269"}],"version-history":[{"count":4,"href":"https:\/\/pedimed.eps-backup.com\/hr\/wp-json\/wp\/v2\/pages\/3269\/revisions"}],"predecessor-version":[{"id":3432,"href":"https:\/\/pedimed.eps-backup.com\/hr\/wp-json\/wp\/v2\/pages\/3269\/revisions\/3432"}],"wp:attachment":[{"href":"https:\/\/pedimed.eps-backup.com\/hr\/wp-json\/wp\/v2\/media?parent=3269"}],"curies":[{"name":"wp","href":"https:\/\/api.w.org\/{rel}","templated":true}]}}