{"id":3195,"date":"2023-10-20T08:47:44","date_gmt":"2023-10-20T08:47:44","guid":{"rendered":"https:\/\/pedimed.eps-backup.com\/storitve\/klasicna-pedikura\/"},"modified":"2023-11-23T07:39:32","modified_gmt":"2023-11-23T07:39:32","slug":"klasicna-pedikura","status":"publish","type":"page","link":"https:\/\/pedimed.eps-backup.com\/hr\/usluge\/klasicna-pedikura\/","title":{"rendered":"Klasi\u010dna pedikura"},"content":{"rendered":"\t\t<div data-elementor-type=\"wp-page\" data-elementor-id=\"3195\" class=\"elementor elementor-3195 elementor-1358\" data-elementor-settings=\"{&quot;element_pack_global_tooltip_width&quot;:{&quot;unit&quot;:&quot;px&quot;,&quot;size&quot;:&quot;&quot;,&quot;sizes&quot;:[]},&quot;element_pack_global_tooltip_width_laptop&quot;:{&quot;unit&quot;:&quot;px&quot;,&quot;size&quot;:&quot;&quot;,&quot;sizes&quot;:[]},&quot;element_pack_global_tooltip_width_tablet&quot;:{&quot;unit&quot;:&quot;px&quot;,&quot;size&quot;:&quot;&quot;,&quot;sizes&quot;:[]},&quot;element_pack_global_tooltip_width_mobile&quot;:{&quot;unit&quot;:&quot;px&quot;,&quot;size&quot;:&quot;&quot;,&quot;sizes&quot;:[]},&quot;element_pack_global_tooltip_padding&quot;:{&quot;unit&quot;:&quot;px&quot;,&quot;top&quot;:&quot;&quot;,&quot;right&quot;:&quot;&quot;,&quot;bottom&quot;:&quot;&quot;,&quot;left&quot;:&quot;&quot;,&quot;isLinked&quot;:true},&quot;element_pack_global_tooltip_padding_laptop&quot;:{&quot;unit&quot;:&quot;px&quot;,&quot;top&quot;:&quot;&quot;,&quot;right&quot;:&quot;&quot;,&quot;bottom&quot;:&quot;&quot;,&quot;left&quot;:&quot;&quot;,&quot;isLinked&quot;:true},&quot;element_pack_global_tooltip_padding_tablet&quot;:{&quot;unit&quot;:&quot;px&quot;,&quot;top&quot;:&quot;&quot;,&quot;right&quot;:&quot;&quot;,&quot;bottom&quot;:&quot;&quot;,&quot;left&quot;:&quot;&quot;,&quot;isLinked&quot;:true},&quot;element_pack_global_tooltip_padding_mobile&quot;:{&quot;unit&quot;:&quot;px&quot;,&quot;top&quot;:&quot;&quot;,&quot;right&quot;:&quot;&quot;,&quot;bottom&quot;:&quot;&quot;,&quot;left&quot;:&quot;&quot;,&quot;isLinked&quot;:true},&quot;element_pack_global_tooltip_border_radius&quot;:{&quot;unit&quot;:&quot;px&quot;,&quot;top&quot;:&quot;&quot;,&quot;right&quot;:&quot;&quot;,&quot;bottom&quot;:&quot;&quot;,&quot;left&quot;:&quot;&quot;,&quot;isLinked&quot;:true},&quot;element_pack_global_tooltip_border_radius_laptop&quot;:{&quot;unit&quot;:&quot;px&quot;,&quot;top&quot;:&quot;&quot;,&quot;right&quot;:&quot;&quot;,&quot;bottom&quot;:&quot;&quot;,&quot;left&quot;:&quot;&quot;,&quot;isLinked&quot;:true},&quot;element_pack_global_tooltip_border_radius_tablet&quot;:{&quot;unit&quot;:&quot;px&quot;,&quot;top&quot;:&quot;&quot;,&quot;right&quot;:&quot;&quot;,&quot;bottom&quot;:&quot;&quot;,&quot;left&quot;:&quot;&quot;,&quot;isLinked&quot;:true},&quot;element_pack_global_tooltip_border_radius_mobile&quot;:{&quot;unit&quot;:&quot;px&quot;,&quot;top&quot;:&quot;&quot;,&quot;right&quot;:&quot;&quot;,&quot;bottom&quot;:&quot;&quot;,&quot;left&quot;:&quot;&quot;,&quot;isLinked&quot;:true}}\" data-elementor-post-type=\"page\">\n\t\t\t\t<div class=\"elementor-element elementor-element-9282468 e-flex e-con-boxed e-con e-parent\" data-id=\"9282468\" data-element_type=\"container\">\n\t\t\t\t\t<div class=\"e-con-inner\">\n\t\t<div class=\"elementor-element elementor-element-e4ce6f0 e-con-full e-flex e-con e-child\" data-id=\"e4ce6f0\" data-element_type=\"container\">\n\t\t\t\t<div class=\"elementor-element elementor-element-26b600a elementor-widget elementor-widget-heading\" data-id=\"26b600a\" data-element_type=\"widget\" data-widget_type=\"heading.default\">\n\t\t\t\t<div class=\"elementor-widget-container\">\n\t\t\t\t\t<h6 class=\"elementor-heading-title elementor-size-default\">Klasi\u010dna njega nogu uklju\u010duje isklju\u010divo preventivne i njeguju\u0107e mjere.<\/h6>\t\t\t\t<\/div>\n\t\t\t\t<\/div>\n\t\t\t\t<div class=\"elementor-element elementor-element-bf9b68f elementor-hidden-desktop elementor-hidden-laptop elementor-widget elementor-widget-image\" data-id=\"bf9b68f\" data-element_type=\"widget\" data-widget_type=\"image.default\">\n\t\t\t\t<div class=\"elementor-widget-container\">\n\t\t\t\t\t\t\t\t\t\t\t\t\t\t\t<img fetchpriority=\"high\" decoding=\"async\" width=\"1600\" height=\"600\" src=\"https:\/\/pedimed.eps-backup.com\/wp-content\/uploads\/2023\/11\/klasicna-pedikura-banner.jpg\" class=\"attachment-full size-full wp-image-2845\" alt=\"\" srcset=\"https:\/\/pedimed.eps-backup.com\/wp-content\/uploads\/2023\/11\/klasicna-pedikura-banner.jpg 1600w, https:\/\/pedimed.eps-backup.com\/wp-content\/uploads\/2023\/11\/klasicna-pedikura-banner-300x113.jpg 300w, https:\/\/pedimed.eps-backup.com\/wp-content\/uploads\/2023\/11\/klasicna-pedikura-banner-1024x384.jpg 1024w, https:\/\/pedimed.eps-backup.com\/wp-content\/uploads\/2023\/11\/klasicna-pedikura-banner-768x288.jpg 768w, https:\/\/pedimed.eps-backup.com\/wp-content\/uploads\/2023\/11\/klasicna-pedikura-banner-1536x576.jpg 1536w\" sizes=\"(max-width: 1600px) 100vw, 1600px\" \/>\t\t\t\t\t\t\t\t\t\t\t\t\t\t\t<\/div>\n\t\t\t\t<\/div>\n\t\t\t\t<\/div>\n\t\t<div class=\"elementor-element elementor-element-21c0c57 e-con-full e-flex e-con e-child\" data-id=\"21c0c57\" data-element_type=\"container\">\n\t\t\t\t<div class=\"elementor-element elementor-element-9169961 elementor-align-left elementor-widget__width-initial elementor-tablet-align-left elementor-mobile-align-left elementor-widget elementor-widget-bdt-advanced-button\" data-id=\"9169961\" data-element_type=\"widget\" id=\"levo\" data-widget_type=\"bdt-advanced-button.default\">\n\t\t\t\t<div class=\"elementor-widget-container\">\n\t\t\t\t\t\t\t<div class=\"bdt-ep-button-wrapper\">\n\t\t\t<a href=\"https:\/\/narocanje.pedimed.si\/\" target=\"_blank\" class=\"bdt-ep-button bdt-ep-button-effect-a bdt-ep-button-size-md\" rel=\"noopener\">\n\t\t\t\t\t\t<div class=\"bdt-ep-button-content-wrapper bdt-flex bdt-flex-middle bdt-flex-center  \" data-text=\"Naru\u010cite se\">\n\t\t\t\t\t\t\t<div class=\"bdt-ep-button-icon bdt-flex-center bdt-flex-align-left\">\n\t\t\t\t\t<div class=\"bdt-ep-button-icon-inner\">\n\n\t\t\t\t\t\t<i aria-hidden=\"true\" class=\"fa-fw iconpedimed icon-pedimedpedimed_puscica-desno\"><\/i>\n\t\t\t\t\t<\/div>\n\t\t\t\t<\/div>\n\t\t\t\n\t\t\t<div class=\"bdt-ep-button-text\">\n\n\t\t\t\t<span class=\"avdbtn-text\">\n\t\t\t\t\tNaru\u010cite se\t\t\t\t<\/span>\n\n\t\t\t\t\t\t\t<\/div>\n\n\t\t\t\n\t\t<\/div>\n\t\t\t\t\t<\/a>\n\t\t<\/div>\n\t\t\t\t\t\t<\/div>\n\t\t\t\t<\/div>\n\t\t\t\t<div class=\"elementor-element elementor-element-2355ab2 elementor-align-left elementor-widget__width-initial elementor-widget-laptop__width-initial elementor-tablet-align-left elementor-mobile-align-left elementor-widget elementor-widget-bdt-advanced-button\" data-id=\"2355ab2\" data-element_type=\"widget\" id=\"levo\" data-widget_type=\"bdt-advanced-button.default\">\n\t\t\t\t<div class=\"elementor-widget-container\">\n\t\t\t\t\t\t\t<div class=\"bdt-ep-button-wrapper\">\n\t\t\t<a href=\"https:\/\/trgovina.pedimed.si\/\" target=\"_blank\" class=\"bdt-ep-button bdt-ep-button-effect-a bdt-ep-button-size-md\" rel=\"noopener\">\n\t\t\t\t\t\t<div class=\"bdt-ep-button-content-wrapper bdt-flex bdt-flex-middle bdt-flex-center  \" data-text=\"online trgovina\">\n\t\t\t\t\t\t\t<div class=\"bdt-ep-button-icon bdt-flex-center bdt-flex-align-left\">\n\t\t\t\t\t<div class=\"bdt-ep-button-icon-inner\">\n\n\t\t\t\t\t\t<i aria-hidden=\"true\" class=\"fa-fw iconpedimed icon-pedimedpedimed_kosarica\"><\/i>\n\t\t\t\t\t<\/div>\n\t\t\t\t<\/div>\n\t\t\t\n\t\t\t<div class=\"bdt-ep-button-text\">\n\n\t\t\t\t<span class=\"avdbtn-text\">\n\t\t\t\t\tonline trgovina\t\t\t\t<\/span>\n\n\t\t\t\t\t\t\t<\/div>\n\n\t\t\t\n\t\t<\/div>\n\t\t\t\t\t<\/a>\n\t\t<\/div>\n\t\t\t\t\t\t<\/div>\n\t\t\t\t<\/div>\n\t\t\t\t<\/div>\n\t\t<div class=\"elementor-element elementor-element-bc148e1 e-con-full e-flex e-con e-child\" data-id=\"bc148e1\" data-element_type=\"container\">\n\t\t\t\t<div class=\"elementor-element elementor-element-a24cdc7 elementor-align-left elementor-widget__width-initial elementor-widget elementor-widget-bdt-advanced-button\" data-id=\"a24cdc7\" data-element_type=\"widget\" id=\"levo\" data-widget_type=\"bdt-advanced-button.default\">\n\t\t\t\t<div class=\"elementor-widget-container\">\n\t\t\t\t\t\t\t<div class=\"bdt-ep-button-wrapper\">\n\t\t\t<a href=\"\/hr\/usluge\/\" class=\"bdt-ep-button bdt-ep-button-effect-a bdt-ep-button-size-md\">\n\t\t\t\t\t\t<div class=\"bdt-ep-button-content-wrapper bdt-flex bdt-flex-middle bdt-flex-center  \" data-text=\"Usluge\">\n\t\t\t\t\t\t\t<div class=\"bdt-ep-button-icon bdt-flex-center bdt-flex-align-left\">\n\t\t\t\t\t<div class=\"bdt-ep-button-icon-inner\">\n\n\t\t\t\t\t\t<i aria-hidden=\"true\" class=\"fa-fw iconpedimed icon-pedimedpedimed_puscica-levo\"><\/i>\n\t\t\t\t\t<\/div>\n\t\t\t\t<\/div>\n\t\t\t\n\t\t\t<div class=\"bdt-ep-button-text\">\n\n\t\t\t\t<span class=\"avdbtn-text\">\n\t\t\t\t\tUsluge\t\t\t\t<\/span>\n\n\t\t\t\t\t\t\t<\/div>\n\n\t\t\t\n\t\t<\/div>\n\t\t\t\t\t<\/a>\n\t\t<\/div>\n\t\t\t\t\t\t<\/div>\n\t\t\t\t<\/div>\n\t\t\t\t<div class=\"elementor-element elementor-element-48f1c2a elementor-widget-divider--view-line elementor-widget elementor-widget-divider\" data-id=\"48f1c2a\" data-element_type=\"widget\" data-widget_type=\"divider.default\">\n\t\t\t\t<div class=\"elementor-widget-container\">\n\t\t\t\t\t\t\t<div class=\"elementor-divider\">\n\t\t\t<span class=\"elementor-divider-separator\">\n\t\t\t\t\t\t<\/span>\n\t\t<\/div>\n\t\t\t\t\t\t<\/div>\n\t\t\t\t<\/div>\n\t\t\t\t<\/div>\n\t\t<div class=\"elementor-element elementor-element-fe33628 e-con-full e-flex e-con e-child\" data-id=\"fe33628\" data-element_type=\"container\">\n\t\t\t\t<div class=\"elementor-element elementor-element-a7ab095 elementor-hidden-tablet elementor-hidden-mobile elementor-widget elementor-widget-image\" data-id=\"a7ab095\" data-element_type=\"widget\" data-widget_type=\"image.default\">\n\t\t\t\t<div class=\"elementor-widget-container\">\n\t\t\t\t\t\t\t\t\t\t\t\t\t\t\t<img fetchpriority=\"high\" decoding=\"async\" width=\"1600\" height=\"600\" src=\"https:\/\/pedimed.eps-backup.com\/wp-content\/uploads\/2023\/11\/klasicna-pedikura-banner.jpg\" class=\"attachment-full size-full wp-image-2845\" alt=\"\" srcset=\"https:\/\/pedimed.eps-backup.com\/wp-content\/uploads\/2023\/11\/klasicna-pedikura-banner.jpg 1600w, https:\/\/pedimed.eps-backup.com\/wp-content\/uploads\/2023\/11\/klasicna-pedikura-banner-300x113.jpg 300w, https:\/\/pedimed.eps-backup.com\/wp-content\/uploads\/2023\/11\/klasicna-pedikura-banner-1024x384.jpg 1024w, https:\/\/pedimed.eps-backup.com\/wp-content\/uploads\/2023\/11\/klasicna-pedikura-banner-768x288.jpg 768w, https:\/\/pedimed.eps-backup.com\/wp-content\/uploads\/2023\/11\/klasicna-pedikura-banner-1536x576.jpg 1536w\" sizes=\"(max-width: 1600px) 100vw, 1600px\" \/>\t\t\t\t\t\t\t\t\t\t\t\t\t\t\t<\/div>\n\t\t\t\t<\/div>\n\t\t\t\t<div class=\"elementor-element elementor-element-75b5785 elementor-widget elementor-widget-text-editor\" data-id=\"75b5785\" data-element_type=\"widget\" data-widget_type=\"text-editor.default\">\n\t\t\t\t<div class=\"elementor-widget-container\">\n\t\t\t\t\t\t\t\t\t<p><span data-sheets-root=\"1\" data-sheets-value=\"{&quot;1&quot;:2,&quot;2&quot;:&quot;Namakanje u kupki, uklanjanje tvrde ko\u017ee koja nema patolo\u0161ki uzrok i njegu noktiju s kutikulom. Na zahtjev klijenta stopala dodatno tretiramo vo\u0107nim pilingom izuzetnog mirisa ili dodajemo opu\u0161taju\u0107u masa\u017eu stopala.&quot;}\">Namakanje u kupki, uklanjanje tvrde ko\u017ee koja nema patolo\u0161ki uzrok i njegu noktiju s kutikulom. Na zahtjev klijenta stopala dodatno tretiramo vo\u0107nim pilingom izuzetnog mirisa ili dodajemo opu\u0161taju\u0107u masa\u017eu stopala.<\/span><\/p>\t\t\t\t\t\t\t\t<\/div>\n\t\t\t\t<\/div>\n\t\t\t\t<\/div>\n\t\t\t\t\t<\/div>\n\t\t\t\t<\/div>\n\t\t<div class=\"elementor-element elementor-element-65f4d58 e-flex e-con-boxed e-con e-parent\" data-id=\"65f4d58\" data-element_type=\"container\">\n\t\t\t\t\t<div class=\"e-con-inner\">\n\t\t<div class=\"elementor-element elementor-element-41ef974 e-con-full e-flex e-con e-child\" data-id=\"41ef974\" data-element_type=\"container\">\n\t\t\t\t<div class=\"elementor-element elementor-element-d9c9c7f elementor-widget elementor-widget-heading\" data-id=\"d9c9c7f\" data-element_type=\"widget\" data-widget_type=\"heading.default\">\n\t\t\t\t<div class=\"elementor-widget-container\">\n\t\t\t\t\t<h6 class=\"elementor-heading-title elementor-size-default\">pomozite sebi<\/h6>\t\t\t\t<\/div>\n\t\t\t\t<\/div>\n\t\t\t\t<div class=\"elementor-element elementor-element-7cca3dc elementor-widget elementor-widget-heading\" data-id=\"7cca3dc\" data-element_type=\"widget\" data-widget_type=\"heading.default\">\n\t\t\t\t<div class=\"elementor-widget-container\">\n\t\t\t\t\t<h4 class=\"elementor-heading-title elementor-size-default\">Kupujete proizvode za njegu u na\u0161oj online trgovini<\/h4>\t\t\t\t<\/div>\n\t\t\t\t<\/div>\n\t\t\t\t<div class=\"elementor-element elementor-element-824c724 elementor-widget elementor-widget-text-editor\" data-id=\"824c724\" data-element_type=\"widget\" data-widget_type=\"text-editor.default\">\n\t\t\t\t<div class=\"elementor-widget-container\">\n\t\t\t\t\t\t\t\t\t<p><span data-sheets-root=\"1\" data-sheets-value=\"{&quot;1&quot;:2,&quot;2&quot;:&quot;U poplavi proizvoda za njegu nogu mo\u017ee biti te\u0161ko odabrati onaj pravi. Vjerujte stru\u010dnjacima na podru\u010dju medicinske pedikure i odaberite proizvode iz na\u0161eg asortimana za koje vjerujemo da zadovoljavaju najvi\u0161e standarde kvalitete i u\u010dinkovitosti.&quot;}\" data-sheets-userformat=\"{&quot;2&quot;:14337,&quot;3&quot;:{&quot;1&quot;:0,&quot;3&quot;:1},&quot;14&quot;:{&quot;1&quot;:2,&quot;2&quot;:0},&quot;15&quot;:&quot;Arial&quot;,&quot;16&quot;:10}\">U poplavi proizvoda za njegu nogu mo\u017ee biti te\u0161ko odabrati onaj pravi. Vjerujte stru\u010dnjacima na podru\u010dju medicinske pedikure i odaberite proizvode iz na\u0161eg asortimana za koje vjerujemo da zadovoljavaju najvi\u0161e standarde kvalitete i u\u010dinkovitosti.<\/span><\/p>\t\t\t\t\t\t\t\t<\/div>\n\t\t\t\t<\/div>\n\t\t\t\t<div class=\"elementor-element elementor-element-ea457c2 elementor-align-left elementor-widget__width-initial elementor-widget elementor-widget-bdt-advanced-button\" data-id=\"ea457c2\" data-element_type=\"widget\" id=\"levo\" data-widget_type=\"bdt-advanced-button.default\">\n\t\t\t\t<div class=\"elementor-widget-container\">\n\t\t\t\t\t\t\t<div class=\"bdt-ep-button-wrapper\">\n\t\t\t<a href=\"https:\/\/trgovina.pedimed.si\/izdelki-za-nego\/\" target=\"_blank\" class=\"bdt-ep-button bdt-ep-button-effect-a bdt-ep-button-size-md\" rel=\"noopener\">\n\t\t\t\t\t\t<div class=\"bdt-ep-button-content-wrapper bdt-flex bdt-flex-middle bdt-flex-center  \" data-text=\"kupujte u online trgovini\">\n\t\t\t\t\t\t\t<div class=\"bdt-ep-button-icon bdt-flex-center bdt-flex-align-left\">\n\t\t\t\t\t<div class=\"bdt-ep-button-icon-inner\">\n\n\t\t\t\t\t\t<i aria-hidden=\"true\" class=\"fa-fw iconpedimed icon-pedimedpedimed_kosarica-mobile\"><\/i>\n\t\t\t\t\t<\/div>\n\t\t\t\t<\/div>\n\t\t\t\n\t\t\t<div class=\"bdt-ep-button-text\">\n\n\t\t\t\t<span class=\"avdbtn-text\">\n\t\t\t\t\tkupujte u online trgovini\t\t\t\t<\/span>\n\n\t\t\t\t\t\t\t<\/div>\n\n\t\t\t\n\t\t<\/div>\n\t\t\t\t\t<\/a>\n\t\t<\/div>\n\t\t\t\t\t\t<\/div>\n\t\t\t\t<\/div>\n\t\t\t\t<\/div>\n\t\t<div class=\"elementor-element elementor-element-b31715b e-con-full e-flex e-con e-child\" data-id=\"b31715b\" data-element_type=\"container\">\n\t\t\t\t<div class=\"elementor-element elementor-element-559f021 elementor-widget elementor-widget-image\" data-id=\"559f021\" data-element_type=\"widget\" data-widget_type=\"image.default\">\n\t\t\t\t<div class=\"elementor-widget-container\">\n\t\t\t\t\t\t\t\t\t\t\t\t\t\t\t<img decoding=\"async\" width=\"689\" height=\"800\" src=\"https:\/\/pedimed.eps-backup.com\/wp-content\/uploads\/2023\/10\/storitve-trgovina-clinisept.png\" class=\"attachment-full size-full wp-image-2595\" alt=\"\" srcset=\"https:\/\/pedimed.eps-backup.com\/wp-content\/uploads\/2023\/10\/storitve-trgovina-clinisept.png 689w, https:\/\/pedimed.eps-backup.com\/wp-content\/uploads\/2023\/10\/storitve-trgovina-clinisept-258x300.png 258w\" sizes=\"(max-width: 689px) 100vw, 689px\" \/>\t\t\t\t\t\t\t\t\t\t\t\t\t\t\t<\/div>\n\t\t\t\t<\/div>\n\t\t\t\t<\/div>\n\t\t<div class=\"elementor-element elementor-element-107293e e-con-full e-flex e-con e-child\" data-id=\"107293e\" data-element_type=\"container\">\n\t\t\t\t<div class=\"elementor-element elementor-element-254fd0c elementor-widget elementor-widget-heading\" data-id=\"254fd0c\" data-element_type=\"widget\" data-widget_type=\"heading.default\">\n\t\t\t\t<div class=\"elementor-widget-container\">\n\t\t\t\t\t<h6 class=\"elementor-heading-title elementor-size-default\">o nama ka\u017eu<\/h6>\t\t\t\t<\/div>\n\t\t\t\t<\/div>\n\t\t\t\t<div class=\"elementor-element elementor-element-e73a19a elementor-widget elementor-widget-heading\" data-id=\"e73a19a\" data-element_type=\"widget\" data-widget_type=\"heading.default\">\n\t\t\t\t<div class=\"elementor-widget-container\">\n\t\t\t\t\t<h4 class=\"elementor-heading-title elementor-size-default\">Mi\u0161ljenje klijenata<\/h4>\t\t\t\t<\/div>\n\t\t\t\t<\/div>\n\t\t\t\t<div class=\"elementor-element elementor-element-4d54511 elementor-widget elementor-widget-html\" data-id=\"4d54511\" data-element_type=\"widget\" data-widget_type=\"html.default\">\n\t\t\t\t<div class=\"elementor-widget-container\">\n\t\t\t\t\t<script defer async src='https:\/\/cdn.trustindex.io\/loader.js?e26c04020c6937194b86798c0ba'><\/script>\t\t\t\t<\/div>\n\t\t\t\t<\/div>\n\t\t\t\t<\/div>\n\t\t<div class=\"elementor-element elementor-element-05fd895 e-con-full e-flex e-con e-child\" data-id=\"05fd895\" data-element_type=\"container\">\n\t\t\t\t<div class=\"elementor-element elementor-element-2d5dcb7 elementor-pagination-type-progressbar elementor-skin-carousel elementor-pagination-position-outside elementor-widget elementor-widget-media-carousel\" data-id=\"2d5dcb7\" data-element_type=\"widget\" id=\"galerija\" data-settings=\"{&quot;slides_per_view&quot;:&quot;3&quot;,&quot;slides_to_scroll&quot;:&quot;3&quot;,&quot;pagination&quot;:&quot;progressbar&quot;,&quot;speed&quot;:1500,&quot;skin&quot;:&quot;carousel&quot;,&quot;effect&quot;:&quot;slide&quot;,&quot;autoplay&quot;:&quot;yes&quot;,&quot;autoplay_speed&quot;:5000,&quot;loop&quot;:&quot;yes&quot;,&quot;pause_on_hover&quot;:&quot;yes&quot;,&quot;pause_on_interaction&quot;:&quot;yes&quot;,&quot;space_between&quot;:{&quot;unit&quot;:&quot;px&quot;,&quot;size&quot;:10,&quot;sizes&quot;:[]},&quot;space_between_laptop&quot;:{&quot;unit&quot;:&quot;px&quot;,&quot;size&quot;:10,&quot;sizes&quot;:[]},&quot;space_between_tablet&quot;:{&quot;unit&quot;:&quot;px&quot;,&quot;size&quot;:10,&quot;sizes&quot;:[]},&quot;space_between_mobile&quot;:{&quot;unit&quot;:&quot;px&quot;,&quot;size&quot;:10,&quot;sizes&quot;:[]}}\" data-widget_type=\"media-carousel.default\">\n\t\t\t\t<div class=\"elementor-widget-container\">\n\t\t\t\t\t\t\t\t\t<div class=\"elementor-swiper\">\n\t\t\t\t\t<div class=\"elementor-main-swiper swiper\" role=\"region\" aria-roledescription=\"carousel\" aria-label=\"Slides\">\n\t\t\t\t<div class=\"swiper-wrapper\">\n\t\t\t\t\t\t\t\t\t\t\t<div class=\"swiper-slide\" role=\"group\" aria-roledescription=\"slide\">\n\t\t\t\t\t\t\t<a href=\"https:\/\/pedimed.eps-backup.com\/wp-content\/uploads\/2023\/11\/klasicna-pedikura-01.jpg\" data-elementor-open-lightbox=\"yes\" data-elementor-lightbox-slideshow=\"2d5dcb7\" data-elementor-lightbox-title=\"klasicna-pedikura-01\" data-e-action-hash=\"#elementor-action%3Aaction%3Dlightbox%26settings%3DeyJpZCI6MjE2NiwidXJsIjoiaHR0cHM6XC9cL3BlZGltZWQuZXBzLWJhY2t1cC5jb21cL3dwLWNvbnRlbnRcL3VwbG9hZHNcLzIwMjNcLzExXC9rbGFzaWNuYS1wZWRpa3VyYS0wMS5qcGciLCJzbGlkZXNob3ciOiIyZDVkY2I3In0%3D\">\t\t<div class=\"elementor-carousel-image\" role=\"img\" aria-label=\"klasicna-pedikura-01\" style=\"background-image: url(&#039;https:\/\/pedimed.eps-backup.com\/wp-content\/uploads\/2023\/11\/klasicna-pedikura-01.jpg&#039;)\">\n\n\t\t\t\n\t\t\t\t\t<\/div>\n\t\t<\/a>\t\t\t\t\t\t<\/div>\n\t\t\t\t\t\t\t\t\t\t\t<div class=\"swiper-slide\" role=\"group\" aria-roledescription=\"slide\">\n\t\t\t\t\t\t\t<a href=\"https:\/\/pedimed.eps-backup.com\/wp-content\/uploads\/2023\/11\/klasicna-pedikura-02.jpg\" data-elementor-open-lightbox=\"yes\" data-elementor-lightbox-slideshow=\"2d5dcb7\" data-elementor-lightbox-title=\"klasicna-pedikura-02\" data-e-action-hash=\"#elementor-action%3Aaction%3Dlightbox%26settings%3DeyJpZCI6MjE2NywidXJsIjoiaHR0cHM6XC9cL3BlZGltZWQuZXBzLWJhY2t1cC5jb21cL3dwLWNvbnRlbnRcL3VwbG9hZHNcLzIwMjNcLzExXC9rbGFzaWNuYS1wZWRpa3VyYS0wMi5qcGciLCJzbGlkZXNob3ciOiIyZDVkY2I3In0%3D\">\t\t<div class=\"elementor-carousel-image\" role=\"img\" aria-label=\"klasicna-pedikura-02\" style=\"background-image: url(&#039;https:\/\/pedimed.eps-backup.com\/wp-content\/uploads\/2023\/11\/klasicna-pedikura-02.jpg&#039;)\">\n\n\t\t\t\n\t\t\t\t\t<\/div>\n\t\t<\/a>\t\t\t\t\t\t<\/div>\n\t\t\t\t\t\t\t\t\t\t\t<div class=\"swiper-slide\" role=\"group\" aria-roledescription=\"slide\">\n\t\t\t\t\t\t\t<a href=\"https:\/\/pedimed.eps-backup.com\/wp-content\/uploads\/2023\/11\/klasicna-pedikura-03.jpg\" data-elementor-open-lightbox=\"yes\" data-elementor-lightbox-slideshow=\"2d5dcb7\" data-elementor-lightbox-title=\"klasicna-pedikura-03\" data-e-action-hash=\"#elementor-action%3Aaction%3Dlightbox%26settings%3DeyJpZCI6MjE2OCwidXJsIjoiaHR0cHM6XC9cL3BlZGltZWQuZXBzLWJhY2t1cC5jb21cL3dwLWNvbnRlbnRcL3VwbG9hZHNcLzIwMjNcLzExXC9rbGFzaWNuYS1wZWRpa3VyYS0wMy5qcGciLCJzbGlkZXNob3ciOiIyZDVkY2I3In0%3D\">\t\t<div class=\"elementor-carousel-image\" role=\"img\" aria-label=\"klasicna-pedikura-03\" style=\"background-image: url(&#039;https:\/\/pedimed.eps-backup.com\/wp-content\/uploads\/2023\/11\/klasicna-pedikura-03.jpg&#039;)\">\n\n\t\t\t\n\t\t\t\t\t<\/div>\n\t\t<\/a>\t\t\t\t\t\t<\/div>\n\t\t\t\t\t\t\t\t\t\t\t<div class=\"swiper-slide\" role=\"group\" aria-roledescription=\"slide\">\n\t\t\t\t\t\t\t<a href=\"https:\/\/pedimed.eps-backup.com\/wp-content\/uploads\/2023\/11\/klasicna-pedikura-04.jpg\" data-elementor-open-lightbox=\"yes\" data-elementor-lightbox-slideshow=\"2d5dcb7\" data-elementor-lightbox-title=\"klasicna-pedikura-04\" data-e-action-hash=\"#elementor-action%3Aaction%3Dlightbox%26settings%3DeyJpZCI6MjE2OSwidXJsIjoiaHR0cHM6XC9cL3BlZGltZWQuZXBzLWJhY2t1cC5jb21cL3dwLWNvbnRlbnRcL3VwbG9hZHNcLzIwMjNcLzExXC9rbGFzaWNuYS1wZWRpa3VyYS0wNC5qcGciLCJzbGlkZXNob3ciOiIyZDVkY2I3In0%3D\">\t\t<div class=\"elementor-carousel-image\" role=\"img\" aria-label=\"klasicna-pedikura-04\" style=\"background-image: url(&#039;https:\/\/pedimed.eps-backup.com\/wp-content\/uploads\/2023\/11\/klasicna-pedikura-04.jpg&#039;)\">\n\n\t\t\t\n\t\t\t\t\t<\/div>\n\t\t<\/a>\t\t\t\t\t\t<\/div>\n\t\t\t\t\t\t\t\t\t<\/div>\n\t\t\t\t\t\t\t\t\t\t\t\t\t\t\t\t\t\t\t\t<div class=\"swiper-pagination\"><\/div>\n\t\t\t\t\t\t\t\t\t\t\t\t<\/div>\n\t\t\t\t<\/div>\n\t\t\t\t\t\t\t\t<\/div>\n\t\t\t\t<\/div>\n\t\t\t\t<\/div>\n\t\t\t\t\t<\/div>\n\t\t\t\t<\/div>\n\t\t<div class=\"elementor-element elementor-element-5122f2f e-flex e-con-boxed e-con e-parent\" data-id=\"5122f2f\" data-element_type=\"container\">\n\t\t\t\t\t<div class=\"e-con-inner\">\n\t\t<div class=\"elementor-element elementor-element-31fa2f5 e-con-full e-flex e-con e-child\" data-id=\"31fa2f5\" data-element_type=\"container\">\n\t\t\t\t<div class=\"elementor-element elementor-element-685baa1 elementor-align-left elementor-widget__width-initial elementor-widget elementor-widget-bdt-advanced-button\" data-id=\"685baa1\" data-element_type=\"widget\" id=\"levo\" data-widget_type=\"bdt-advanced-button.default\">\n\t\t\t\t<div class=\"elementor-widget-container\">\n\t\t\t\t\t\t\t<div class=\"bdt-ep-button-wrapper\">\n\t\t\t<a href=\"\/hr\/usluge\/medicinska-pedikura\/\" class=\"bdt-ep-button bdt-ep-button-effect-a bdt-ep-button-size-md\">\n\t\t\t\t\t\t<div class=\"bdt-ep-button-content-wrapper bdt-flex bdt-flex-middle bdt-flex-center  \" data-text=\"medicinska pedikura\">\n\t\t\t\t\t\t\t<div class=\"bdt-ep-button-icon bdt-flex-center bdt-flex-align-left\">\n\t\t\t\t\t<div class=\"bdt-ep-button-icon-inner\">\n\n\t\t\t\t\t\t<i aria-hidden=\"true\" class=\"fa-fw iconpedimed icon-pedimedpedimed_puscica-levo\"><\/i>\n\t\t\t\t\t<\/div>\n\t\t\t\t<\/div>\n\t\t\t\n\t\t\t<div class=\"bdt-ep-button-text\">\n\n\t\t\t\t<span class=\"avdbtn-text\">\n\t\t\t\t\tmedicinska pedikura\t\t\t\t<\/span>\n\n\t\t\t\t\t\t\t<\/div>\n\n\t\t\t\n\t\t<\/div>\n\t\t\t\t\t<\/a>\n\t\t<\/div>\n\t\t\t\t\t\t<\/div>\n\t\t\t\t<\/div>\n\t\t\t\t<\/div>\n\t\t<div class=\"elementor-element elementor-element-4a3ba62 e-con-full e-flex e-con e-child\" data-id=\"4a3ba62\" data-element_type=\"container\">\n\t\t\t\t<div class=\"elementor-element elementor-element-6777648 elementor-align-right elementor-widget__width-initial elementor-widget elementor-widget-bdt-advanced-button\" data-id=\"6777648\" data-element_type=\"widget\" id=\"desno\" data-widget_type=\"bdt-advanced-button.default\">\n\t\t\t\t<div class=\"elementor-widget-container\">\n\t\t\t\t\t\t\t<div class=\"bdt-ep-button-wrapper\">\n\t\t\t<a href=\"\/hr\/usluge\/pedikura-za-dijabeticare\/\" class=\"bdt-ep-button bdt-ep-button-effect-a bdt-ep-button-size-md\">\n\t\t\t\t\t\t<div class=\"bdt-ep-button-content-wrapper bdt-flex bdt-flex-middle bdt-flex-center  \" data-text=\"Pedikura za dijabeti\u010dare\">\n\t\t\t\t\t\t\t<div class=\"bdt-ep-button-icon bdt-flex-center bdt-flex-align-right\">\n\t\t\t\t\t<div class=\"bdt-ep-button-icon-inner\">\n\n\t\t\t\t\t\t<i aria-hidden=\"true\" class=\"fa-fw iconpedimed icon-pedimedpedimed_puscica-desno\"><\/i>\n\t\t\t\t\t<\/div>\n\t\t\t\t<\/div>\n\t\t\t\n\t\t\t<div class=\"bdt-ep-button-text\">\n\n\t\t\t\t<span class=\"avdbtn-text\">\n\t\t\t\t\tPedikura za dijabeti\u010dare\t\t\t\t<\/span>\n\n\t\t\t\t\t\t\t<\/div>\n\n\t\t\t\n\t\t<\/div>\n\t\t\t\t\t<\/a>\n\t\t<\/div>\n\t\t\t\t\t\t<\/div>\n\t\t\t\t<\/div>\n\t\t\t\t<\/div>\n\t\t\t\t\t<\/div>\n\t\t\t\t<\/div>\n\t\t\t\t<\/div>\n\t\t","protected":false},"excerpt":{"rendered":"<p>Klasi\u010dna njega nogu uklju\u010duje isklju\u010divo preventivne i njeguju\u0107e mjere.<\/p>\n","protected":false},"author":1,"featured_media":2601,"parent":3039,"menu_order":0,"comment_status":"closed","ping_status":"closed","template":"elementor_header_footer","meta":{"footnotes":""},"class_list":["post-3195","page","type-page","status-publish","has-post-thumbnail","hentry"],"_links":{"self":[{"href":"https:\/\/pedimed.eps-backup.com\/hr\/wp-json\/wp\/v2\/pages\/3195","targetHints":{"allow":["GET"]}}],"collection":[{"href":"https:\/\/pedimed.eps-backup.com\/hr\/wp-json\/wp\/v2\/pages"}],"about":[{"href":"https:\/\/pedimed.eps-backup.com\/hr\/wp-json\/wp\/v2\/types\/page"}],"author":[{"embeddable":true,"href":"https:\/\/pedimed.eps-backup.com\/hr\/wp-json\/wp\/v2\/users\/1"}],"replies":[{"embeddable":true,"href":"https:\/\/pedimed.eps-backup.com\/hr\/wp-json\/wp\/v2\/comments?post=3195"}],"version-history":[{"count":7,"href":"https:\/\/pedimed.eps-backup.com\/hr\/wp-json\/wp\/v2\/pages\/3195\/revisions"}],"predecessor-version":[{"id":3645,"href":"https:\/\/pedimed.eps-backup.com\/hr\/wp-json\/wp\/v2\/pages\/3195\/revisions\/3645"}],"up":[{"embeddable":true,"href":"https:\/\/pedimed.eps-backup.com\/hr\/wp-json\/wp\/v2\/pages\/3039"}],"wp:featuredmedia":[{"embeddable":true,"href":"https:\/\/pedimed.eps-backup.com\/hr\/wp-json\/wp\/v2\/media\/2601"}],"wp:attachment":[{"href":"https:\/\/pedimed.eps-backup.com\/hr\/wp-json\/wp\/v2\/media?parent=3195"}],"curies":[{"name":"wp","href":"https:\/\/api.w.org\/{rel}","templated":true}]}}