{"id":3010,"date":"2023-10-02T11:17:57","date_gmt":"2023-10-02T11:17:57","guid":{"rendered":"https:\/\/pedimed.eps-backup.com\/gift-vouchers\/"},"modified":"2023-11-20T10:37:11","modified_gmt":"2023-11-20T10:37:11","slug":"poklon-bonovi","status":"publish","type":"page","link":"https:\/\/pedimed.eps-backup.com\/hr\/poklon-bonovi\/","title":{"rendered":"Poklon bonovi"},"content":{"rendered":"\t\t<div data-elementor-type=\"wp-page\" data-elementor-id=\"3010\" class=\"elementor elementor-3010 elementor-332\" data-elementor-settings=\"{&quot;element_pack_global_tooltip_width&quot;:{&quot;unit&quot;:&quot;px&quot;,&quot;size&quot;:&quot;&quot;,&quot;sizes&quot;:[]},&quot;element_pack_global_tooltip_width_laptop&quot;:{&quot;unit&quot;:&quot;px&quot;,&quot;size&quot;:&quot;&quot;,&quot;sizes&quot;:[]},&quot;element_pack_global_tooltip_width_tablet&quot;:{&quot;unit&quot;:&quot;px&quot;,&quot;size&quot;:&quot;&quot;,&quot;sizes&quot;:[]},&quot;element_pack_global_tooltip_width_mobile&quot;:{&quot;unit&quot;:&quot;px&quot;,&quot;size&quot;:&quot;&quot;,&quot;sizes&quot;:[]},&quot;element_pack_global_tooltip_padding&quot;:{&quot;unit&quot;:&quot;px&quot;,&quot;top&quot;:&quot;&quot;,&quot;right&quot;:&quot;&quot;,&quot;bottom&quot;:&quot;&quot;,&quot;left&quot;:&quot;&quot;,&quot;isLinked&quot;:true},&quot;element_pack_global_tooltip_padding_laptop&quot;:{&quot;unit&quot;:&quot;px&quot;,&quot;top&quot;:&quot;&quot;,&quot;right&quot;:&quot;&quot;,&quot;bottom&quot;:&quot;&quot;,&quot;left&quot;:&quot;&quot;,&quot;isLinked&quot;:true},&quot;element_pack_global_tooltip_padding_tablet&quot;:{&quot;unit&quot;:&quot;px&quot;,&quot;top&quot;:&quot;&quot;,&quot;right&quot;:&quot;&quot;,&quot;bottom&quot;:&quot;&quot;,&quot;left&quot;:&quot;&quot;,&quot;isLinked&quot;:true},&quot;element_pack_global_tooltip_padding_mobile&quot;:{&quot;unit&quot;:&quot;px&quot;,&quot;top&quot;:&quot;&quot;,&quot;right&quot;:&quot;&quot;,&quot;bottom&quot;:&quot;&quot;,&quot;left&quot;:&quot;&quot;,&quot;isLinked&quot;:true},&quot;element_pack_global_tooltip_border_radius&quot;:{&quot;unit&quot;:&quot;px&quot;,&quot;top&quot;:&quot;&quot;,&quot;right&quot;:&quot;&quot;,&quot;bottom&quot;:&quot;&quot;,&quot;left&quot;:&quot;&quot;,&quot;isLinked&quot;:true},&quot;element_pack_global_tooltip_border_radius_laptop&quot;:{&quot;unit&quot;:&quot;px&quot;,&quot;top&quot;:&quot;&quot;,&quot;right&quot;:&quot;&quot;,&quot;bottom&quot;:&quot;&quot;,&quot;left&quot;:&quot;&quot;,&quot;isLinked&quot;:true},&quot;element_pack_global_tooltip_border_radius_tablet&quot;:{&quot;unit&quot;:&quot;px&quot;,&quot;top&quot;:&quot;&quot;,&quot;right&quot;:&quot;&quot;,&quot;bottom&quot;:&quot;&quot;,&quot;left&quot;:&quot;&quot;,&quot;isLinked&quot;:true},&quot;element_pack_global_tooltip_border_radius_mobile&quot;:{&quot;unit&quot;:&quot;px&quot;,&quot;top&quot;:&quot;&quot;,&quot;right&quot;:&quot;&quot;,&quot;bottom&quot;:&quot;&quot;,&quot;left&quot;:&quot;&quot;,&quot;isLinked&quot;:true}}\" data-elementor-post-type=\"page\">\n\t\t\t\t<div class=\"elementor-element elementor-element-733bdb7 e-flex e-con-boxed e-con e-parent\" data-id=\"733bdb7\" data-element_type=\"container\">\n\t\t\t\t\t<div class=\"e-con-inner\">\n\t\t\t\t<div class=\"elementor-element elementor-element-5d1f7bb elementor-widget elementor-widget-heading\" data-id=\"5d1f7bb\" data-element_type=\"widget\" data-widget_type=\"heading.default\">\n\t\t\t\t<div class=\"elementor-widget-container\">\n\t\t\t\t\t<h1 class=\"elementor-heading-title elementor-size-default\">Poklon bonovi<\/h1>\t\t\t\t<\/div>\n\t\t\t\t<\/div>\n\t\t\t\t<div class=\"elementor-element elementor-element-6dfdd08 elementor-widget__width-auto elementor-widget-divider--view-line elementor-widget elementor-widget-divider\" data-id=\"6dfdd08\" data-element_type=\"widget\" data-widget_type=\"divider.default\">\n\t\t\t\t<div class=\"elementor-widget-container\">\n\t\t\t\t\t\t\t<div class=\"elementor-divider\">\n\t\t\t<span class=\"elementor-divider-separator\">\n\t\t\t\t\t\t<\/span>\n\t\t<\/div>\n\t\t\t\t\t\t<\/div>\n\t\t\t\t<\/div>\n\t\t\t\t\t<\/div>\n\t\t\t\t<\/div>\n\t\t<div class=\"elementor-element elementor-element-073d62c e-flex e-con-boxed e-con e-parent\" data-id=\"073d62c\" data-element_type=\"container\">\n\t\t\t\t\t<div class=\"e-con-inner\">\n\t\t<div class=\"elementor-element elementor-element-000c661 e-con-full e-flex e-con e-child\" data-id=\"000c661\" data-element_type=\"container\">\n\t\t\t\t<div class=\"elementor-element elementor-element-528d18a elementor-widget__width-initial elementor-widget elementor-widget-image\" data-id=\"528d18a\" data-element_type=\"widget\" data-widget_type=\"image.default\">\n\t\t\t\t<div class=\"elementor-widget-container\">\n\t\t\t\t\t\t\t\t\t\t\t\t\t\t\t<img fetchpriority=\"high\" decoding=\"async\" width=\"780\" height=\"516\" src=\"https:\/\/pedimed.eps-backup.com\/wp-content\/uploads\/2023\/11\/pedimed-darilni-boni-01.jpg\" class=\"attachment-full size-full wp-image-2681\" alt=\"\" srcset=\"https:\/\/pedimed.eps-backup.com\/wp-content\/uploads\/2023\/11\/pedimed-darilni-boni-01.jpg 780w, https:\/\/pedimed.eps-backup.com\/wp-content\/uploads\/2023\/11\/pedimed-darilni-boni-01-300x198.jpg 300w, https:\/\/pedimed.eps-backup.com\/wp-content\/uploads\/2023\/11\/pedimed-darilni-boni-01-768x508.jpg 768w\" sizes=\"(max-width: 780px) 100vw, 780px\" \/>\t\t\t\t\t\t\t\t\t\t\t\t\t\t\t<\/div>\n\t\t\t\t<\/div>\n\t\t\t\t<div class=\"elementor-element elementor-element-644ed06 elementor-widget__width-initial elementor-widget elementor-widget-image\" data-id=\"644ed06\" data-element_type=\"widget\" data-widget_type=\"image.default\">\n\t\t\t\t<div class=\"elementor-widget-container\">\n\t\t\t\t\t\t\t\t\t\t\t\t\t\t\t<img decoding=\"async\" width=\"720\" height=\"342\" src=\"https:\/\/pedimed.eps-backup.com\/wp-content\/uploads\/2023\/11\/trgovina-bon-hr.jpg\" class=\"attachment-full size-full wp-image-3002\" alt=\"\" srcset=\"https:\/\/pedimed.eps-backup.com\/wp-content\/uploads\/2023\/11\/trgovina-bon-hr.jpg 720w, https:\/\/pedimed.eps-backup.com\/wp-content\/uploads\/2023\/11\/trgovina-bon-hr-300x143.jpg 300w\" sizes=\"(max-width: 720px) 100vw, 720px\" \/>\t\t\t\t\t\t\t\t\t\t\t\t\t\t\t<\/div>\n\t\t\t\t<\/div>\n\t\t\t\t<\/div>\n\t\t<div class=\"elementor-element elementor-element-1a46fe5 e-con-full e-flex e-con e-child\" data-id=\"1a46fe5\" data-element_type=\"container\">\n\t\t\t\t<div class=\"elementor-element elementor-element-f06fe91 elementor-widget elementor-widget-heading\" data-id=\"f06fe91\" data-element_type=\"widget\" data-widget_type=\"heading.default\">\n\t\t\t\t<div class=\"elementor-widget-container\">\n\t\t\t\t\t<h6 class=\"elementor-heading-title elementor-size-default\">Poklon bon Pedimed<\/h6>\t\t\t\t<\/div>\n\t\t\t\t<\/div>\n\t\t\t\t<div class=\"elementor-element elementor-element-065491d elementor-widget elementor-widget-heading\" data-id=\"065491d\" data-element_type=\"widget\" data-widget_type=\"heading.default\">\n\t\t\t\t<div class=\"elementor-widget-container\">\n\t\t\t\t\t<h3 class=\"elementor-heading-title elementor-size-default\">Poklonite svojim voljenima najbolje<\/h3>\t\t\t\t<\/div>\n\t\t\t\t<\/div>\n\t\t\t\t<div class=\"elementor-element elementor-element-f591932 elementor-widget elementor-widget-text-editor\" data-id=\"f591932\" data-element_type=\"widget\" data-widget_type=\"text-editor.default\">\n\t\t\t\t<div class=\"elementor-widget-container\">\n\t\t\t\t\t\t\t\t\t<p><span data-sheets-value=\"{&quot;1&quot;:2,&quot;2&quot;:&quot;Poklonite bon za usluge medicinske i klasi\u010dne pedikure u Centru Pedimed. Bon mo\u017eete naru\u010diti na telefon Centra Pedimed i mi \u0107emo vam ga poslati po\u0161tom. Mo\u017eete ga naru\u010diti i putem na\u0161e online trgovine.&quot;}\">Poklonite bon za usluge medicinske i klasi\u010dne pedikure u Centru Pedimed. Bon mo\u017eete naru\u010diti na telefon Centra Pedimed i mi \u0107emo vam ga poslati po\u0161tom. Mo\u017eete ga naru\u010diti i putem na\u0161e online trgovine.<\/span><\/p>\t\t\t\t\t\t\t\t<\/div>\n\t\t\t\t<\/div>\n\t\t\t\t<div class=\"elementor-element elementor-element-b32691d elementor-align-left elementor-widget__width-initial elementor-widget elementor-widget-bdt-advanced-button\" data-id=\"b32691d\" data-element_type=\"widget\" id=\"levo\" data-widget_type=\"bdt-advanced-button.default\">\n\t\t\t\t<div class=\"elementor-widget-container\">\n\t\t\t\t\t\t\t<div class=\"bdt-ep-button-wrapper\">\n\t\t\t<a href=\"https:\/\/trgovina.pedimed.si\/paketi-ugodnosti\/darilni-boni\/\" target=\"_blank\" class=\"bdt-ep-button bdt-ep-button-effect-a bdt-ep-button-size-md\" rel=\"noopener\">\n\t\t\t\t\t\t<div class=\"bdt-ep-button-content-wrapper bdt-flex bdt-flex-middle bdt-flex-center  \" data-text=\"kupite bon u online trgovini\">\n\t\t\t\t\t\t\t<div class=\"bdt-ep-button-icon bdt-flex-center bdt-flex-align-left\">\n\t\t\t\t\t<div class=\"bdt-ep-button-icon-inner\">\n\n\t\t\t\t\t\t<i aria-hidden=\"true\" class=\"fa-fw iconpedimed icon-pedimedpedimed_kosarica\"><\/i>\n\t\t\t\t\t<\/div>\n\t\t\t\t<\/div>\n\t\t\t\n\t\t\t<div class=\"bdt-ep-button-text\">\n\n\t\t\t\t<span class=\"avdbtn-text\">\n\t\t\t\t\tkupite bon u online trgovini\t\t\t\t<\/span>\n\n\t\t\t\t\t\t\t<\/div>\n\n\t\t\t\n\t\t<\/div>\n\t\t\t\t\t<\/a>\n\t\t<\/div>\n\t\t\t\t\t\t<\/div>\n\t\t\t\t<\/div>\n\t\t\t\t<\/div>\n\t\t\t\t\t<\/div>\n\t\t\t\t<\/div>\n\t\t\t\t<\/div>\n\t\t","protected":false},"excerpt":{"rendered":"<p>Poklon bonovi Poklon bon Pedimed Poklonite svojim voljenima najbolje Poklonite bon za usluge medicinske i klasi\u010dne pedikure u Centru Pedimed. Bon mo\u017eete naru\u010diti na telefon Centra Pedimed i mi \u0107emo vam ga poslati po\u0161tom. Mo\u017eete ga naru\u010diti i putem na\u0161e online trgovine. kupite bon u online trgovini<\/p>\n","protected":false},"author":1,"featured_media":0,"parent":0,"menu_order":0,"comment_status":"closed","ping_status":"closed","template":"elementor_header_footer","meta":{"footnotes":""},"class_list":["post-3010","page","type-page","status-publish","hentry"],"_links":{"self":[{"href":"https:\/\/pedimed.eps-backup.com\/hr\/wp-json\/wp\/v2\/pages\/3010","targetHints":{"allow":["GET"]}}],"collection":[{"href":"https:\/\/pedimed.eps-backup.com\/hr\/wp-json\/wp\/v2\/pages"}],"about":[{"href":"https:\/\/pedimed.eps-backup.com\/hr\/wp-json\/wp\/v2\/types\/page"}],"author":[{"embeddable":true,"href":"https:\/\/pedimed.eps-backup.com\/hr\/wp-json\/wp\/v2\/users\/1"}],"replies":[{"embeddable":true,"href":"https:\/\/pedimed.eps-backup.com\/hr\/wp-json\/wp\/v2\/comments?post=3010"}],"version-history":[{"count":4,"href":"https:\/\/pedimed.eps-backup.com\/hr\/wp-json\/wp\/v2\/pages\/3010\/revisions"}],"predecessor-version":[{"id":3014,"href":"https:\/\/pedimed.eps-backup.com\/hr\/wp-json\/wp\/v2\/pages\/3010\/revisions\/3014"}],"wp:attachment":[{"href":"https:\/\/pedimed.eps-backup.com\/hr\/wp-json\/wp\/v2\/media?parent=3010"}],"curies":[{"name":"wp","href":"https:\/\/api.w.org\/{rel}","templated":true}]}}