{"id":3724,"date":"2023-10-09T08:54:30","date_gmt":"2023-10-09T08:54:30","guid":{"rendered":"https:\/\/pedimed.eps-backup.com\/piskotki\/"},"modified":"2023-11-23T08:58:18","modified_gmt":"2023-11-23T08:58:18","slug":"cookies","status":"publish","type":"page","link":"https:\/\/pedimed.eps-backup.com\/en\/cookies\/","title":{"rendered":"Cookies"},"content":{"rendered":"\t\t<div data-elementor-type=\"wp-page\" data-elementor-id=\"3724\" class=\"elementor elementor-3724 elementor-1027\" data-elementor-settings=\"{&quot;element_pack_global_tooltip_width&quot;:{&quot;unit&quot;:&quot;px&quot;,&quot;size&quot;:&quot;&quot;,&quot;sizes&quot;:[]},&quot;element_pack_global_tooltip_width_laptop&quot;:{&quot;unit&quot;:&quot;px&quot;,&quot;size&quot;:&quot;&quot;,&quot;sizes&quot;:[]},&quot;element_pack_global_tooltip_width_tablet&quot;:{&quot;unit&quot;:&quot;px&quot;,&quot;size&quot;:&quot;&quot;,&quot;sizes&quot;:[]},&quot;element_pack_global_tooltip_width_mobile&quot;:{&quot;unit&quot;:&quot;px&quot;,&quot;size&quot;:&quot;&quot;,&quot;sizes&quot;:[]},&quot;element_pack_global_tooltip_padding&quot;:{&quot;unit&quot;:&quot;px&quot;,&quot;top&quot;:&quot;&quot;,&quot;right&quot;:&quot;&quot;,&quot;bottom&quot;:&quot;&quot;,&quot;left&quot;:&quot;&quot;,&quot;isLinked&quot;:true},&quot;element_pack_global_tooltip_padding_laptop&quot;:{&quot;unit&quot;:&quot;px&quot;,&quot;top&quot;:&quot;&quot;,&quot;right&quot;:&quot;&quot;,&quot;bottom&quot;:&quot;&quot;,&quot;left&quot;:&quot;&quot;,&quot;isLinked&quot;:true},&quot;element_pack_global_tooltip_padding_tablet&quot;:{&quot;unit&quot;:&quot;px&quot;,&quot;top&quot;:&quot;&quot;,&quot;right&quot;:&quot;&quot;,&quot;bottom&quot;:&quot;&quot;,&quot;left&quot;:&quot;&quot;,&quot;isLinked&quot;:true},&quot;element_pack_global_tooltip_padding_mobile&quot;:{&quot;unit&quot;:&quot;px&quot;,&quot;top&quot;:&quot;&quot;,&quot;right&quot;:&quot;&quot;,&quot;bottom&quot;:&quot;&quot;,&quot;left&quot;:&quot;&quot;,&quot;isLinked&quot;:true},&quot;element_pack_global_tooltip_border_radius&quot;:{&quot;unit&quot;:&quot;px&quot;,&quot;top&quot;:&quot;&quot;,&quot;right&quot;:&quot;&quot;,&quot;bottom&quot;:&quot;&quot;,&quot;left&quot;:&quot;&quot;,&quot;isLinked&quot;:true},&quot;element_pack_global_tooltip_border_radius_laptop&quot;:{&quot;unit&quot;:&quot;px&quot;,&quot;top&quot;:&quot;&quot;,&quot;right&quot;:&quot;&quot;,&quot;bottom&quot;:&quot;&quot;,&quot;left&quot;:&quot;&quot;,&quot;isLinked&quot;:true},&quot;element_pack_global_tooltip_border_radius_tablet&quot;:{&quot;unit&quot;:&quot;px&quot;,&quot;top&quot;:&quot;&quot;,&quot;right&quot;:&quot;&quot;,&quot;bottom&quot;:&quot;&quot;,&quot;left&quot;:&quot;&quot;,&quot;isLinked&quot;:true},&quot;element_pack_global_tooltip_border_radius_mobile&quot;:{&quot;unit&quot;:&quot;px&quot;,&quot;top&quot;:&quot;&quot;,&quot;right&quot;:&quot;&quot;,&quot;bottom&quot;:&quot;&quot;,&quot;left&quot;:&quot;&quot;,&quot;isLinked&quot;:true}}\" data-elementor-post-type=\"page\">\n\t\t\t\t<div class=\"elementor-element elementor-element-bbca864 e-flex e-con-boxed e-con e-parent\" data-id=\"bbca864\" data-element_type=\"container\">\n\t\t\t\t\t<div class=\"e-con-inner\">\n\t\t\t\t<div class=\"elementor-element elementor-element-2f73559 elementor-widget elementor-widget-heading\" data-id=\"2f73559\" data-element_type=\"widget\" data-widget_type=\"heading.default\">\n\t\t\t\t<div class=\"elementor-widget-container\">\n\t\t\t\t\t<h3 class=\"elementor-heading-title elementor-size-default\">Pi\u0161kotki<\/h3>\t\t\t\t<\/div>\n\t\t\t\t<\/div>\n\t\t\t\t<div class=\"elementor-element elementor-element-45482ba elementor-widget elementor-widget-text-editor\" data-id=\"45482ba\" data-element_type=\"widget\" data-widget_type=\"text-editor.default\">\n\t\t\t\t<div class=\"elementor-widget-container\">\n\t\t\t\t\t\t\t\t\t<p>Stran uporablja pi\u0161kotke, ki se ti\u010dejo registracije, prijave in odjave iz administracije spletne strani ter pi\u0161kotke kot so google analytics, ki spremljanja navade obiska spletne strani ter pi\u0161kote za Facebook, ki omogo\u010da deljenje spletne strani z drugimi.<\/p><p>Na ta na\u010din lahko razumemo, katere strani so obiskovalcem bolj ali manj zanimive ter jih lahko posledi\u010dno prilagajamo in spreminjamo.<\/p><p>Seznam pi\u0161kotkov po vrstah (naziv, namen, trajanje):<\/p><p>facebook.com<br \/>\u2013 datr, lu: za povezave, traja 2 leti<br \/>\u2013 act, csm, p, presence, s, xs, c_user: za povezave, traja do konca seje brskanja<br \/>\u2013 fr: za povezave, traja 3 mesece od za\u010detka seje<br \/>\u2013 locale: za povezave, traja en teden od za\u010detka seje<\/p><p>wordpress<br \/>\u2013 pll_language: za zaznavanje izbire jezika strani, traja 1 leto od za\u010detka seje<br \/>\u2013 wordpress: za vti\u010dnike, \u010dase, nastavitve administracije, traja od 15 dni od za\u010detka seje brskanja do 1 leta<br \/>\u2013 displayCookieConsent: pi\u0161kotek pregleduje pi\u0161kotke, traja 1 leto od za\u010detka seje<\/p><p>Google analytics<br \/>\u2013 cc_analytics,\u00a0cc_necessary: statisti\u010dna pi\u0161kotka, trajata 1 leto od za\u010detka<br \/>\u2013 _utma: analiti\u010dno orodje, traja 2 leti<br \/>\u2013 _utmb: analiti\u010dno orodje, traja 30 minut<br \/>\u2013 _utmc: analiti\u010dno orodje, traja do konca seje<br \/>\u2013 _utmz: analiti\u010dno orodje, traja pol leta po za\u010detku seje<\/p>\t\t\t\t\t\t\t\t<\/div>\n\t\t\t\t<\/div>\n\t\t\t\t\t<\/div>\n\t\t\t\t<\/div>\n\t\t\t\t<\/div>\n\t\t","protected":false},"excerpt":{"rendered":"<p>Pi\u0161kotki Stran uporablja pi\u0161kotke, ki se ti\u010dejo registracije, prijave in odjave iz administracije spletne strani ter pi\u0161kotke kot so google analytics, ki spremljanja navade obiska spletne strani ter pi\u0161kote za Facebook, ki omogo\u010da deljenje spletne strani z drugimi. Na ta na\u010din lahko razumemo, katere strani so obiskovalcem bolj ali manj zanimive ter jih lahko posledi\u010dno [&hellip;]<\/p>\n","protected":false},"author":1,"featured_media":0,"parent":0,"menu_order":0,"comment_status":"closed","ping_status":"closed","template":"elementor_header_footer","meta":{"footnotes":""},"class_list":["post-3724","page","type-page","status-publish","hentry"],"_links":{"self":[{"href":"https:\/\/pedimed.eps-backup.com\/en\/wp-json\/wp\/v2\/pages\/3724","targetHints":{"allow":["GET"]}}],"collection":[{"href":"https:\/\/pedimed.eps-backup.com\/en\/wp-json\/wp\/v2\/pages"}],"about":[{"href":"https:\/\/pedimed.eps-backup.com\/en\/wp-json\/wp\/v2\/types\/page"}],"author":[{"embeddable":true,"href":"https:\/\/pedimed.eps-backup.com\/en\/wp-json\/wp\/v2\/users\/1"}],"replies":[{"embeddable":true,"href":"https:\/\/pedimed.eps-backup.com\/en\/wp-json\/wp\/v2\/comments?post=3724"}],"version-history":[{"count":1,"href":"https:\/\/pedimed.eps-backup.com\/en\/wp-json\/wp\/v2\/pages\/3724\/revisions"}],"predecessor-version":[{"id":3725,"href":"https:\/\/pedimed.eps-backup.com\/en\/wp-json\/wp\/v2\/pages\/3724\/revisions\/3725"}],"wp:attachment":[{"href":"https:\/\/pedimed.eps-backup.com\/en\/wp-json\/wp\/v2\/media?parent=3724"}],"curies":[{"name":"wp","href":"https:\/\/api.w.org\/{rel}","templated":true}]}}